{"id":88186,"date":"2025-03-06T20:19:16","date_gmt":"2025-03-06T19:19:16","guid":{"rendered":"https:\/\/matuile.com\/media\/?page_id=88186"},"modified":"2026-01-25T15:31:00","modified_gmt":"2026-01-25T14:31:00","slug":"offreinstagram","status":"publish","type":"page","link":"https:\/\/matuile.com\/media\/offreinstagram\/","title":{"rendered":""},"content":{"rendered":"<h1 style=\"text-align: center; font-weight: bold; color: #1A9DD9; font-size: 45px; text-shadow: 2px 2px 4px rgba(0, 0, 0, 0.3);\">\n    R\u00e9cup\u00e9rez votre compte Instagram !\n<\/h1><div style=\"height:50px\" aria-hidden=\"true\" class=\"wp-block-spacer\"><\/div><p><script defer async src='https:\/\/cdn.trustindex.io\/loader.js?0f66c93630ce100fbe26f0a227f'><\/script><\/p><div style=\"height:50px\" aria-hidden=\"true\" class=\"wp-block-spacer\"><\/div><p class=\"has-text-align-center has-large-font-size\"><strong>Services aux particuliers<\/strong><\/p><p style=\"font-size:16px;font-style:normal;font-weight:100\"><strong>Vous \u00eates un particulier et votre compte Instagram a \u00e9t\u00e9 pirat\u00e9, suspendu ou d\u00e9sactiv\u00e9 ?<\/strong> Matuile vous accompagne avec des solutions adapt\u00e9es \u00e0 votre situation. Choisissez parmi nos offres Standard, Premium ou Week-end &amp; Jours f\u00e9ri\u00e9s, selon votre besoin de rapidit\u00e9 et d\u2019assistance. Nos experts mettent tout en \u0153uvre pour r\u00e9cup\u00e9rer votre compte en toute s\u00e9curit\u00e9.<\/p><div style=\"height:20px\" aria-hidden=\"true\" class=\"wp-block-spacer\"><\/div><!DOCTYPE html>\n<html lang=\"fr\">\n<head>\n    <meta name=\"viewport\" content=\"width=device-width, initial-scale=1.0\">\n    <title>Tableau des Tarifs<\/title>\n    <style>\n        .pricing-container {\n            font-family: Arial, sans-serif;\n            display: flex;\n            justify-content: center;\n            align-items: center;\n            min-height: 100vh;\n            background-color: #f5f5f5;\n            padding: 20px;\n        }\n\n        .pricing-table {\n            display: flex;\n            flex-wrap: wrap;\n            justify-content: center;\n            gap: 20px;\n            text-align: center;\n            padding: 20px;\n        }\n\n        .pricing-plan {\n            width: 100%;\n            max-width: 320px;\n            border-radius: 12px;\n            overflow: hidden;\n            box-shadow: 0 8px 16px rgba(0, 0, 0, 0.1);\n            transition: transform 0.3s ease-in-out;\n            background: #fff;\n            display: flex;\n            flex-direction: column;\n        }\n\n        .pricing-plan:hover {\n            transform: translateY(-5px);\n        }\n\n        .pricing-header {\n            background-color: #FF5722;\n            color: white;\n            padding: 25px;\n            font-size: 24px;\n            font-weight: bold;\n            display: flex;\n            flex-direction: column;\n            justify-content: center;\n        }\n\n        .pricing-price {\n            font-size: 32px;\n            font-weight: bold;\n            margin-top: 5px;\n        }\n\n        .pricing-price small {\n            font-size: 16px;\n        }\n\n        .pricing-body {\n            padding: 25px;\n            flex-grow: 1;\n            display: flex;\n            flex-direction: column;\n        }\n\n        .pricing-body p {\n            margin: 12px 0;\n            color: #333;\n            font-size: 16px;\n        }\n\n        .highlight {\n            background-color: #21C1FF;\n            color: white;\n            font-weight: bold;\n            font-size: 18px;\n            padding: 5px;\n            border-radius: 5px;\n        }\n\n        .cta-button {\n            display: inline-block;\n            margin-top: auto;\n            padding: 12px 18px;\n            background-color: #FF5722;\n            color: white;\n            font-size: 16px;\n            font-weight: bold;\n            border-radius: 8px;\n            text-decoration: none;\n            transition: background 0.3s;\n            align-self: center;\n        }\n\n        .cta-button:hover {\n            background-color: #E64A19;\n        }\n\n        @media (min-width: 768px) {\n            .pricing-table {\n                flex-direction: row;\n            }\n\n            .pricing-plan {\n                width: 320px;\n            }\n        }\n\n        \/* Augmente l'espacement entre les offres sur mobile *\/\n@media (max-width: 767px) {\n    .pricing-plan {\n        margin-bottom: 50px; \/* Espacement entre les offres *\/\n    }\n\n    .pricing-plan:last-child {\n        margin-bottom: 0; \/* Supprime l'espacement pour la derni\u00e8re offre *\/\n    }\n\n    .pricing-body {\n        display: flex;\n        flex-direction: column;\n        gap: 20px; \/* Ajoute un espace entre les \u00e9l\u00e9ments *\/\n    }\n        }\n    <\/style>\n<\/head>\n<body>\n    <div class=\"pricing-container\">\n        <div class=\"pricing-table\">\n            <div class=\"pricing-plan\">\n                <div class=\"pricing-header\">\n                    Standard\n                    <div class=\"pricing-price\">60 \u20ac <small>TTC<\/small><\/div>\n                <\/div>\n                <div class=\"pricing-body\">\n                    <p>\u2705 92% de taux de r\u00e9ussite<\/p>\n                    <p>\ud83d\udee0\ufe0f Assistance Standard<\/p>\n                    <p class=\"highlight\">Ce forfait inclut :<\/p>\n                    <p>\u2714 Expertise Matuile<\/p>\n                    <p>\u2714 Aide \u00e0 la r\u00e9cup\u00e9ration du compte<\/p>\n                    <p>\u2714 S\u00e9curisation renforc\u00e9e post-r\u00e9cup\u00e9ration<\/p>\n                    <p>\u2714 Suivi personnalis\u00e9<\/p>\n                    <a href=\"https:\/\/matuile.com\/media\/produit\/offre-standard-particulier-compte-instagram-pirate\/\" class=\"cta-button\">Choisir cette offre<\/a>\n                <\/div>\n            <\/div>\n\n            <div class=\"pricing-plan\">\n                <div class=\"pricing-header\">\n                    Premium\n                    <div class=\"pricing-price\">90 \u20ac <small>TTC<\/small><\/div>\n                <\/div>\n                <div class=\"pricing-body\">\n                    <p>\u2705 96% de taux de r\u00e9ussite<\/p>\n                    <p>\u26a1 Assistance en urgence<\/p>\n                    <p>\ud83d\udc68\u200d\ud83d\udcbc Un expert d\u00e9di\u00e9<\/p>\n                    <p class=\"highlight\">Ce forfait inclut :<\/p>\n                    <p>\u2714 Expertise avanc\u00e9e<\/p>\n                    <p>\u2714 R\u00e9cup\u00e9ration acc\u00e9l\u00e9r\u00e9e<\/p>\n                    <p>\u2714 Plan d\u2019action sur mesure<\/p>\n                    <p>\u2714 S\u00e9curisation renforc\u00e9e<\/p>\n                    <p>\u2714 Suivi personnalis\u00e9<\/p>\n                    <a href=\"https:\/\/matuile.com\/media\/produit\/offre-premium-particulier-compte-instagram-pirate\/\" class=\"cta-button\">Choisir cette offre<\/a>\n                <\/div>\n            <\/div>\n\n            <div class=\"pricing-plan\">\n                <div class=\"pricing-header\">\n                    Week-end &#038; F\u00e9ri\u00e9s\n                    <div class=\"pricing-price\">100 \u20ac <small>TTC<\/small><\/div>\n                <\/div>\n                <div class=\"pricing-body\">\n                    <p>\u2705 Tous les avantages de l\u2019offre Premium<\/p>\n                    <p>\ud83d\udcc5 Assistance Week-end et Jours F\u00e9ri\u00e9s<\/p>\n                    <a href=\"https:\/\/matuile.com\/media\/produit\/offre-weekend-jours-feries-particulier-compte-instagram-pirate\/\" class=\"cta-button\">Choisir cette offre<\/a>\n                <\/div>\n            <\/div>\n        <\/div>\n    <\/div>\n<\/body>\n<\/html><div style=\"height:100px\" aria-hidden=\"true\" class=\"wp-block-spacer\"><\/div><hr class=\"wp-block-separator has-alpha-channel-opacity\"\/>","protected":false},"excerpt":{"rendered":"<p>R\u00e9cup\u00e9rez votre compte Instagram ! Services aux particuliers Vous \u00eates un particulier et votre compte Instagram a \u00e9t\u00e9 pirat\u00e9, suspendu ou d\u00e9sactiv\u00e9&#8230;<\/p>\n","protected":false},"author":10,"featured_media":0,"parent":0,"menu_order":0,"comment_status":"closed","ping_status":"closed","template":"","meta":{"inline_featured_image":false,"footnotes":""},"class_list":["post-88186","page","type-page","status-publish"],"acf":[],"yoast_head":"<!-- This site is optimized with the Yoast SEO plugin v27.3 - https:\/\/yoast.com\/product\/yoast-seo-wordpress\/ -->\n<title>Matuile<\/title>\n<meta name=\"description\" content=\"Offres pour la r\u00e9cup\u00e9ration de comptes Instagram Pirat\u00e9s : Diagnostic, Plan d&#039;action sur mesure, R\u00e9cup\u00e9ration rapide, S\u00e9curisation du compte\" \/>\n<meta name=\"robots\" content=\"index, follow, max-snippet:-1, max-image-preview:large, max-video-preview:-1\" \/>\n<link rel=\"canonical\" href=\"https:\/\/matuile.com\/media\/offreinstagram\/\" \/>\n<meta property=\"og:locale\" content=\"fr_FR\" \/>\n<meta property=\"og:type\" content=\"article\" \/>\n<meta property=\"og:description\" content=\"Offres pour la r\u00e9cup\u00e9ration de comptes Instagram Pirat\u00e9s : Diagnostic, Plan d&#039;action sur mesure, R\u00e9cup\u00e9ration rapide, S\u00e9curisation du compte\" \/>\n<meta property=\"og:url\" content=\"https:\/\/matuile.com\/media\/offreinstagram\/\" \/>\n<meta property=\"og:site_name\" content=\"Matuile\" \/>\n<meta property=\"article:modified_time\" content=\"2026-01-25T14:31:00+00:00\" \/>\n<meta name=\"twitter:card\" content=\"summary_large_image\" \/>\n<meta name=\"twitter:label1\" content=\"Dur\u00e9e de lecture estim\u00e9e\" \/>\n\t<meta name=\"twitter:data1\" content=\"1 minute\" \/>\n<script type=\"application\/ld+json\" class=\"yoast-schema-graph\">{\"@context\":\"https:\\\/\\\/schema.org\",\"@graph\":[{\"@type\":\"WebPage\",\"@id\":\"https:\\\/\\\/matuile.com\\\/media\\\/offreinstagram\\\/\",\"url\":\"https:\\\/\\\/matuile.com\\\/media\\\/offreinstagram\\\/\",\"name\":\"\",\"isPartOf\":{\"@id\":\"https:\\\/\\\/matuile.com\\\/media\\\/#website\"},\"datePublished\":\"2025-03-06T19:19:16+00:00\",\"dateModified\":\"2026-01-25T14:31:00+00:00\",\"description\":\"Offres pour la r\u00e9cup\u00e9ration de comptes Instagram Pirat\u00e9s : Diagnostic, Plan d'action sur mesure, R\u00e9cup\u00e9ration rapide, S\u00e9curisation du compte\",\"inLanguage\":\"fr-FR\",\"potentialAction\":[{\"@type\":\"ReadAction\",\"target\":[\"https:\\\/\\\/matuile.com\\\/media\\\/offreinstagram\\\/\"]}]},{\"@type\":\"WebSite\",\"@id\":\"https:\\\/\\\/matuile.com\\\/media\\\/#website\",\"url\":\"https:\\\/\\\/matuile.com\\\/media\\\/\",\"name\":\"Matuile Blog\",\"description\":\"La solution \u00e0 votre urgence\",\"publisher\":{\"@id\":\"https:\\\/\\\/matuile.com\\\/media\\\/#organization\"},\"alternateName\":\"Matuile\",\"potentialAction\":[{\"@type\":\"SearchAction\",\"target\":{\"@type\":\"EntryPoint\",\"urlTemplate\":\"https:\\\/\\\/matuile.com\\\/media\\\/?s={search_term_string}\"},\"query-input\":{\"@type\":\"PropertyValueSpecification\",\"valueRequired\":true,\"valueName\":\"search_term_string\"}}],\"inLanguage\":\"fr-FR\"},{\"@type\":\"Organization\",\"@id\":\"https:\\\/\\\/matuile.com\\\/media\\\/#organization\",\"name\":\"Matuile\",\"url\":\"https:\\\/\\\/matuile.com\\\/media\\\/\",\"logo\":{\"@type\":\"ImageObject\",\"inLanguage\":\"fr-FR\",\"@id\":\"https:\\\/\\\/matuile.com\\\/media\\\/#\\\/schema\\\/logo\\\/image\\\/\",\"url\":\"https:\\\/\\\/matuile.com\\\/media\\\/wp-content\\\/uploads\\\/2023\\\/04\\\/Matuile.png\",\"contentUrl\":\"https:\\\/\\\/matuile.com\\\/media\\\/wp-content\\\/uploads\\\/2023\\\/04\\\/Matuile.png\",\"width\":700,\"height\":700,\"caption\":\"Matuile\"},\"image\":{\"@id\":\"https:\\\/\\\/matuile.com\\\/media\\\/#\\\/schema\\\/logo\\\/image\\\/\"}}]}<\/script>\n<!-- \/ Yoast SEO plugin. -->","yoast_head_json":{"title":"Matuile","description":"Offres pour la r\u00e9cup\u00e9ration de comptes Instagram Pirat\u00e9s : Diagnostic, Plan d'action sur mesure, R\u00e9cup\u00e9ration rapide, S\u00e9curisation du compte","robots":{"index":"index","follow":"follow","max-snippet":"max-snippet:-1","max-image-preview":"max-image-preview:large","max-video-preview":"max-video-preview:-1"},"canonical":"https:\/\/matuile.com\/media\/offreinstagram\/","og_locale":"fr_FR","og_type":"article","og_description":"Offres pour la r\u00e9cup\u00e9ration de comptes Instagram Pirat\u00e9s : Diagnostic, Plan d'action sur mesure, R\u00e9cup\u00e9ration rapide, S\u00e9curisation du compte","og_url":"https:\/\/matuile.com\/media\/offreinstagram\/","og_site_name":"Matuile","article_modified_time":"2026-01-25T14:31:00+00:00","twitter_card":"summary_large_image","twitter_misc":{"Dur\u00e9e de lecture estim\u00e9e":"1 minute"},"schema":{"@context":"https:\/\/schema.org","@graph":[{"@type":"WebPage","@id":"https:\/\/matuile.com\/media\/offreinstagram\/","url":"https:\/\/matuile.com\/media\/offreinstagram\/","name":"","isPartOf":{"@id":"https:\/\/matuile.com\/media\/#website"},"datePublished":"2025-03-06T19:19:16+00:00","dateModified":"2026-01-25T14:31:00+00:00","description":"Offres pour la r\u00e9cup\u00e9ration de comptes Instagram Pirat\u00e9s : Diagnostic, Plan d'action sur mesure, R\u00e9cup\u00e9ration rapide, S\u00e9curisation du compte","inLanguage":"fr-FR","potentialAction":[{"@type":"ReadAction","target":["https:\/\/matuile.com\/media\/offreinstagram\/"]}]},{"@type":"WebSite","@id":"https:\/\/matuile.com\/media\/#website","url":"https:\/\/matuile.com\/media\/","name":"Matuile Blog","description":"La solution \u00e0 votre urgence","publisher":{"@id":"https:\/\/matuile.com\/media\/#organization"},"alternateName":"Matuile","potentialAction":[{"@type":"SearchAction","target":{"@type":"EntryPoint","urlTemplate":"https:\/\/matuile.com\/media\/?s={search_term_string}"},"query-input":{"@type":"PropertyValueSpecification","valueRequired":true,"valueName":"search_term_string"}}],"inLanguage":"fr-FR"},{"@type":"Organization","@id":"https:\/\/matuile.com\/media\/#organization","name":"Matuile","url":"https:\/\/matuile.com\/media\/","logo":{"@type":"ImageObject","inLanguage":"fr-FR","@id":"https:\/\/matuile.com\/media\/#\/schema\/logo\/image\/","url":"https:\/\/matuile.com\/media\/wp-content\/uploads\/2023\/04\/Matuile.png","contentUrl":"https:\/\/matuile.com\/media\/wp-content\/uploads\/2023\/04\/Matuile.png","width":700,"height":700,"caption":"Matuile"},"image":{"@id":"https:\/\/matuile.com\/media\/#\/schema\/logo\/image\/"}}]}},"_links":{"self":[{"href":"https:\/\/matuile.com\/media\/wp-json\/wp\/v2\/pages\/88186","targetHints":{"allow":["GET"]}}],"collection":[{"href":"https:\/\/matuile.com\/media\/wp-json\/wp\/v2\/pages"}],"about":[{"href":"https:\/\/matuile.com\/media\/wp-json\/wp\/v2\/types\/page"}],"author":[{"embeddable":true,"href":"https:\/\/matuile.com\/media\/wp-json\/wp\/v2\/users\/10"}],"replies":[{"embeddable":true,"href":"https:\/\/matuile.com\/media\/wp-json\/wp\/v2\/comments?post=88186"}],"version-history":[{"count":43,"href":"https:\/\/matuile.com\/media\/wp-json\/wp\/v2\/pages\/88186\/revisions"}],"predecessor-version":[{"id":90862,"href":"https:\/\/matuile.com\/media\/wp-json\/wp\/v2\/pages\/88186\/revisions\/90862"}],"wp:attachment":[{"href":"https:\/\/matuile.com\/media\/wp-json\/wp\/v2\/media?parent=88186"}],"curies":[{"name":"wp","href":"https:\/\/api.w.org\/{rel}","templated":true}]}}