{"id":87765,"date":"2025-01-22T10:13:15","date_gmt":"2025-01-22T09:13:15","guid":{"rendered":"https:\/\/matuile.com\/media\/?page_id=87765"},"modified":"2026-01-05T21:14:37","modified_gmt":"2026-01-05T20:14:37","slug":"formulaire-recuperation-compte-instagram-pirate","status":"publish","type":"page","link":"https:\/\/matuile.com\/media\/formulaire-recuperation-compte-instagram-pirate\/","title":{"rendered":"Formulaire de signalement d&rsquo;un compte Instagram pirat\u00e9"},"content":{"rendered":"<p style=\"font-size:16px;font-style:normal;font-weight:100\">La premi\u00e8re chose \u00e0 faire est de proc\u00e9der au signalement du piratage \u00e0&nbsp;<strong>Instagram<\/strong>&nbsp;en utilisant&nbsp;<strong><a href=\"https:\/\/www.instagram.com\/hacked\/\">leur formulaire<\/a><\/strong>&nbsp;et attendre qu\u2019ils vous r\u00e9pondent.<\/p><p style=\"font-size:16px;font-style:normal;font-weight:100\"><strong>Si Instagram ne r\u00e9agit pas ou si vous n\u2019avez pas de r\u00e9ponse de leur part<\/strong>, vous pouvez nous contacter au\u00a0<strong><mark style=\"background-color:rgba(0, 0, 0, 0);color:#d86031\" class=\"has-inline-color\">01.85.09.01.01<\/mark>\u00a0(de 9h \u00e0 20h, 7j7)<\/strong>\u00a0ou remplir le\u00a0<strong>formulaire<\/strong>\u00a0ci-dessous. Nous enverrons \u00e0 Instagram ce formulaire d\u00e9taill\u00e9 afin qu\u2019il prenne en compte votre demande le plus rapidement possible.<\/p><div style=\"height:30px\" aria-hidden=\"true\" class=\"wp-block-spacer\"><\/div><h2 class=\"wp-block-heading has-text-align-center has-large-font-size\" style=\"font-style:normal;font-weight:700\">R\u00e9cup\u00e9rer votre compte Instagram !<\/h2><div style=\"height:30px\" aria-hidden=\"true\" class=\"wp-block-spacer\"><\/div><!DOCTYPE html>\r\n<html lang=\"fr\">\r\n<head>\r\n    \r\n    \r\n    <title>Masquer le Titre<\/title>\r\n    <style>\r\n        body {\r\n            background-color: transparent;\r\n            margin: 0;\r\n            padding: 0;\r\n        }\r\n        h1 {\r\n            display: none; \/* Masque compl\u00e8tement le titre et l'espace qu'il occupe *\/\r\n        }\r\n    <\/style>\r\n<\/head>\r\n<body>\r\n\r\n    <!-- Le reste du contenu de la page -->\r\n<\/body>\r\n<\/html><!DOCTYPE html>\r\n<html lang=\"fr\">\r\n<head>\r\n    \r\n    \r\n<\/head>\r\n<body>\r\n    <script>\r\n        \/\/ S\u00e9lectionner le titre H1 existant\r\n        var titreH1 = document.querySelector('h1');\r\n\r\n        \/\/ V\u00e9rifier si un titre H1 existe sur la page\r\n        if (titreH1) {\r\n            titreH1.style.fontWeight = 'bold';\r\n        }\r\n    <\/script>\r\n\r\n<\/body>\r\n<\/html><!DOCTYPE html>\r\n<html lang=\"fr\">\r\n<head>\r\n    \r\n    \r\n    <title>Masquer le Titre<\/title>\r\n    <style>\r\n        body {\r\n            background-color: transparent;\r\n            margin: 0;\r\n            padding: 0;\r\n        }\r\n        h1 {\r\n            display: none; \/* Masque compl\u00e8tement le titre et l'espace qu'il occupe *\/\r\n        }\r\n    <\/style>\r\n<\/head>\r\n<body>\r\n    <h1>Mon Titre<\/h1>\r\n    <!-- Le reste du contenu de la page -->\r\n<\/body>\r\n<\/html><div formsappId=\"679dfa20db71160002601cbb\"><\/div>\r\n<script src=\"https:\/\/forms.app\/static\/embed.js\" type=\"text\/javascript\" async defer onload=\"new formsapp('679dfa20db71160002601cbb', 'standard', {'width':'100vw','height':'600px'}, 'https:\/\/s1cz2xth.forms.app');\"><\/script><div style=\"height:60px\" aria-hidden=\"true\" class=\"wp-block-spacer\"><\/div><p class=\"has-text-align-center\" style=\"font-size:30px;font-style:normal;font-weight:700\">Pourquoi utilisez ce formulaire ?<\/p><div style=\"height:30px\" aria-hidden=\"true\" class=\"wp-block-spacer\"><\/div><p style=\"font-size:16px;font-style:normal;font-weight:100\">\ud83d\udcaa <strong>R\u00e9agir face \u00e0 l&rsquo;absence de traitement ou de r\u00e9action d&rsquo;Instagram<\/strong> suite au piratage de votre compte.<\/p><p style=\"font-size:16px;font-style:normal;font-weight:100\">\u2705 <strong>Faire valoir vos droits !<\/strong> Nous vous aidons \u00e0 faire reconna\u00eetre le piratage de votre compte et les autres atteintes illicites entreprises par le pirate.<\/p><p style=\"font-size:16px;font-style:normal;font-weight:100\">\ud83d\udd0e <strong>Un signalement clair, une meilleure prise en compte !<\/strong> Nous facilitons le traitement de votre demande par la plateforme Instagram gr\u00e2ce \u00e0 un dossier claire et d\u00e9taill\u00e9.<\/p><p style=\"font-size:16px;font-style:normal;font-weight:100\">\u26a1 <strong>Signaler n\u2019a jamais \u00e9t\u00e9 aussi simple !<\/strong> Remplissez le formulaire en quelques secondes, nous le transmettrons imm\u00e9diatement \u00e0 nos contacts chez Instagram.<\/p><div style=\"height:100px\" aria-hidden=\"true\" class=\"wp-block-spacer\"><\/div><hr class=\"wp-block-separator has-alpha-channel-opacity\"\/>","protected":false},"excerpt":{"rendered":"<p>La premi\u00e8re chose \u00e0 faire est de proc\u00e9der au signalement du piratage \u00e0&nbsp;Instagram&nbsp;en utilisant&nbsp;leur formulaire&nbsp;et attendre qu\u2019ils vous r\u00e9pondent. Si Instagram ne&#8230;<\/p>\n","protected":false},"author":7,"featured_media":0,"parent":0,"menu_order":0,"comment_status":"closed","ping_status":"closed","template":"","meta":{"inline_featured_image":false,"footnotes":""},"class_list":["post-87765","page","type-page","status-publish"],"acf":[],"yoast_head":"<!-- This site is optimized with the Yoast SEO plugin v27.3 - https:\/\/yoast.com\/product\/yoast-seo-wordpress\/ -->\n<title>Formulaire de signalement d&#039;un compte Instagram pirat\u00e9<\/title>\n<meta name=\"robots\" content=\"index, follow, max-snippet:-1, max-image-preview:large, max-video-preview:-1\" \/>\n<link rel=\"canonical\" href=\"https:\/\/matuile.com\/media\/formulaire-recuperation-compte-instagram-pirate\/\" \/>\n<meta property=\"og:locale\" content=\"fr_FR\" \/>\n<meta property=\"og:type\" content=\"article\" \/>\n<meta property=\"og:title\" content=\"Formulaire de signalement d&#039;un compte Instagram pirat\u00e9\" \/>\n<meta property=\"og:description\" content=\"La premi\u00e8re chose \u00e0 faire est de proc\u00e9der au signalement du piratage \u00e0&nbsp;Instagram&nbsp;en utilisant&nbsp;leur formulaire&nbsp;et attendre qu\u2019ils vous r\u00e9pondent. Si Instagram ne...\" \/>\n<meta property=\"og:url\" content=\"https:\/\/matuile.com\/media\/formulaire-recuperation-compte-instagram-pirate\/\" \/>\n<meta property=\"og:site_name\" content=\"Matuile\" \/>\n<meta property=\"article:modified_time\" content=\"2026-01-05T20:14:37+00:00\" \/>\n<meta name=\"twitter:card\" content=\"summary_large_image\" \/>\n<meta name=\"twitter:label1\" content=\"Dur\u00e9e de lecture estim\u00e9e\" \/>\n\t<meta name=\"twitter:data1\" content=\"1 minute\" \/>\n<script type=\"application\/ld+json\" class=\"yoast-schema-graph\">{\"@context\":\"https:\\\/\\\/schema.org\",\"@graph\":[{\"@type\":\"WebPage\",\"@id\":\"https:\\\/\\\/matuile.com\\\/media\\\/formulaire-recuperation-compte-instagram-pirate\\\/\",\"url\":\"https:\\\/\\\/matuile.com\\\/media\\\/formulaire-recuperation-compte-instagram-pirate\\\/\",\"name\":\"Formulaire de signalement d'un compte Instagram pirat\u00e9\",\"isPartOf\":{\"@id\":\"https:\\\/\\\/matuile.com\\\/media\\\/#website\"},\"datePublished\":\"2025-01-22T09:13:15+00:00\",\"dateModified\":\"2026-01-05T20:14:37+00:00\",\"breadcrumb\":{\"@id\":\"https:\\\/\\\/matuile.com\\\/media\\\/formulaire-recuperation-compte-instagram-pirate\\\/#breadcrumb\"},\"inLanguage\":\"fr-FR\",\"potentialAction\":[{\"@type\":\"ReadAction\",\"target\":[\"https:\\\/\\\/matuile.com\\\/media\\\/formulaire-recuperation-compte-instagram-pirate\\\/\"]}]},{\"@type\":\"BreadcrumbList\",\"@id\":\"https:\\\/\\\/matuile.com\\\/media\\\/formulaire-recuperation-compte-instagram-pirate\\\/#breadcrumb\",\"itemListElement\":[{\"@type\":\"ListItem\",\"position\":1,\"name\":\"Accueil\",\"item\":\"https:\\\/\\\/matuile.com\\\/media\\\/\"},{\"@type\":\"ListItem\",\"position\":2,\"name\":\"Formulaire de signalement d&rsquo;un compte Instagram pirat\u00e9\"}]},{\"@type\":\"WebSite\",\"@id\":\"https:\\\/\\\/matuile.com\\\/media\\\/#website\",\"url\":\"https:\\\/\\\/matuile.com\\\/media\\\/\",\"name\":\"Matuile Blog\",\"description\":\"La solution \u00e0 votre urgence\",\"publisher\":{\"@id\":\"https:\\\/\\\/matuile.com\\\/media\\\/#organization\"},\"alternateName\":\"Matuile\",\"potentialAction\":[{\"@type\":\"SearchAction\",\"target\":{\"@type\":\"EntryPoint\",\"urlTemplate\":\"https:\\\/\\\/matuile.com\\\/media\\\/?s={search_term_string}\"},\"query-input\":{\"@type\":\"PropertyValueSpecification\",\"valueRequired\":true,\"valueName\":\"search_term_string\"}}],\"inLanguage\":\"fr-FR\"},{\"@type\":\"Organization\",\"@id\":\"https:\\\/\\\/matuile.com\\\/media\\\/#organization\",\"name\":\"Matuile\",\"url\":\"https:\\\/\\\/matuile.com\\\/media\\\/\",\"logo\":{\"@type\":\"ImageObject\",\"inLanguage\":\"fr-FR\",\"@id\":\"https:\\\/\\\/matuile.com\\\/media\\\/#\\\/schema\\\/logo\\\/image\\\/\",\"url\":\"https:\\\/\\\/matuile.com\\\/media\\\/wp-content\\\/uploads\\\/2023\\\/04\\\/Matuile.png\",\"contentUrl\":\"https:\\\/\\\/matuile.com\\\/media\\\/wp-content\\\/uploads\\\/2023\\\/04\\\/Matuile.png\",\"width\":700,\"height\":700,\"caption\":\"Matuile\"},\"image\":{\"@id\":\"https:\\\/\\\/matuile.com\\\/media\\\/#\\\/schema\\\/logo\\\/image\\\/\"}}]}<\/script>\n<!-- \/ Yoast SEO plugin. -->","yoast_head_json":{"title":"Formulaire de signalement d'un compte Instagram pirat\u00e9","robots":{"index":"index","follow":"follow","max-snippet":"max-snippet:-1","max-image-preview":"max-image-preview:large","max-video-preview":"max-video-preview:-1"},"canonical":"https:\/\/matuile.com\/media\/formulaire-recuperation-compte-instagram-pirate\/","og_locale":"fr_FR","og_type":"article","og_title":"Formulaire de signalement d'un compte Instagram pirat\u00e9","og_description":"La premi\u00e8re chose \u00e0 faire est de proc\u00e9der au signalement du piratage \u00e0&nbsp;Instagram&nbsp;en utilisant&nbsp;leur formulaire&nbsp;et attendre qu\u2019ils vous r\u00e9pondent. Si Instagram ne...","og_url":"https:\/\/matuile.com\/media\/formulaire-recuperation-compte-instagram-pirate\/","og_site_name":"Matuile","article_modified_time":"2026-01-05T20:14:37+00:00","twitter_card":"summary_large_image","twitter_misc":{"Dur\u00e9e de lecture estim\u00e9e":"1 minute"},"schema":{"@context":"https:\/\/schema.org","@graph":[{"@type":"WebPage","@id":"https:\/\/matuile.com\/media\/formulaire-recuperation-compte-instagram-pirate\/","url":"https:\/\/matuile.com\/media\/formulaire-recuperation-compte-instagram-pirate\/","name":"Formulaire de signalement d'un compte Instagram pirat\u00e9","isPartOf":{"@id":"https:\/\/matuile.com\/media\/#website"},"datePublished":"2025-01-22T09:13:15+00:00","dateModified":"2026-01-05T20:14:37+00:00","breadcrumb":{"@id":"https:\/\/matuile.com\/media\/formulaire-recuperation-compte-instagram-pirate\/#breadcrumb"},"inLanguage":"fr-FR","potentialAction":[{"@type":"ReadAction","target":["https:\/\/matuile.com\/media\/formulaire-recuperation-compte-instagram-pirate\/"]}]},{"@type":"BreadcrumbList","@id":"https:\/\/matuile.com\/media\/formulaire-recuperation-compte-instagram-pirate\/#breadcrumb","itemListElement":[{"@type":"ListItem","position":1,"name":"Accueil","item":"https:\/\/matuile.com\/media\/"},{"@type":"ListItem","position":2,"name":"Formulaire de signalement d&rsquo;un compte Instagram pirat\u00e9"}]},{"@type":"WebSite","@id":"https:\/\/matuile.com\/media\/#website","url":"https:\/\/matuile.com\/media\/","name":"Matuile Blog","description":"La solution \u00e0 votre urgence","publisher":{"@id":"https:\/\/matuile.com\/media\/#organization"},"alternateName":"Matuile","potentialAction":[{"@type":"SearchAction","target":{"@type":"EntryPoint","urlTemplate":"https:\/\/matuile.com\/media\/?s={search_term_string}"},"query-input":{"@type":"PropertyValueSpecification","valueRequired":true,"valueName":"search_term_string"}}],"inLanguage":"fr-FR"},{"@type":"Organization","@id":"https:\/\/matuile.com\/media\/#organization","name":"Matuile","url":"https:\/\/matuile.com\/media\/","logo":{"@type":"ImageObject","inLanguage":"fr-FR","@id":"https:\/\/matuile.com\/media\/#\/schema\/logo\/image\/","url":"https:\/\/matuile.com\/media\/wp-content\/uploads\/2023\/04\/Matuile.png","contentUrl":"https:\/\/matuile.com\/media\/wp-content\/uploads\/2023\/04\/Matuile.png","width":700,"height":700,"caption":"Matuile"},"image":{"@id":"https:\/\/matuile.com\/media\/#\/schema\/logo\/image\/"}}]}},"_links":{"self":[{"href":"https:\/\/matuile.com\/media\/wp-json\/wp\/v2\/pages\/87765","targetHints":{"allow":["GET"]}}],"collection":[{"href":"https:\/\/matuile.com\/media\/wp-json\/wp\/v2\/pages"}],"about":[{"href":"https:\/\/matuile.com\/media\/wp-json\/wp\/v2\/types\/page"}],"author":[{"embeddable":true,"href":"https:\/\/matuile.com\/media\/wp-json\/wp\/v2\/users\/7"}],"replies":[{"embeddable":true,"href":"https:\/\/matuile.com\/media\/wp-json\/wp\/v2\/comments?post=87765"}],"version-history":[{"count":86,"href":"https:\/\/matuile.com\/media\/wp-json\/wp\/v2\/pages\/87765\/revisions"}],"predecessor-version":[{"id":90371,"href":"https:\/\/matuile.com\/media\/wp-json\/wp\/v2\/pages\/87765\/revisions\/90371"}],"wp:attachment":[{"href":"https:\/\/matuile.com\/media\/wp-json\/wp\/v2\/media?parent=87765"}],"curies":[{"name":"wp","href":"https:\/\/api.w.org\/{rel}","templated":true}]}}