{"id":5304,"date":"2024-03-06T15:47:00","date_gmt":"2024-03-06T14:47:00","guid":{"rendered":"https:\/\/matuile.com\/media\/?page_id=5304"},"modified":"2024-12-09T10:48:09","modified_gmt":"2024-12-09T09:48:09","slug":"contactez-nous-matuile","status":"publish","type":"page","link":"https:\/\/matuile.com\/media\/contactez-nous-matuile\/","title":{"rendered":"Contactez-nous"},"content":{"rendered":"<div class=\"wp-block-image\"><figure class=\"aligncenter size-large\"><img decoding=\"async\" width=\"1024\" height=\"683\" src=\"https:\/\/matuile.com\/media\/wp-content\/uploads\/2023\/02\/pexels-andrea-piacquadio-3769152-1-1024x683.jpg\" alt=\"\" class=\"wp-image-7430\" srcset=\"https:\/\/matuile.com\/media\/wp-content\/uploads\/2023\/02\/pexels-andrea-piacquadio-3769152-1-1024x683.jpg 1024w, https:\/\/matuile.com\/media\/wp-content\/uploads\/2023\/02\/pexels-andrea-piacquadio-3769152-1-600x400.jpg 600w, https:\/\/matuile.com\/media\/wp-content\/uploads\/2023\/02\/pexels-andrea-piacquadio-3769152-1-300x200.jpg 300w, https:\/\/matuile.com\/media\/wp-content\/uploads\/2023\/02\/pexels-andrea-piacquadio-3769152-1-768x512.jpg 768w, https:\/\/matuile.com\/media\/wp-content\/uploads\/2023\/02\/pexels-andrea-piacquadio-3769152-1-1536x1024.jpg 1536w, https:\/\/matuile.com\/media\/wp-content\/uploads\/2023\/02\/pexels-andrea-piacquadio-3769152-1-360x240.jpg 360w, https:\/\/matuile.com\/media\/wp-content\/uploads\/2023\/02\/pexels-andrea-piacquadio-3769152-1.jpg 1920w\" sizes=\"(max-width: 1024px) 100vw, 1024px\" \/><\/figure><\/div><h1 class=\"wp-block-heading has-text-align-center has-white-color has-text-color has-background\" style=\"background-color:#d86031\"><strong>Nous sommes \u00e0 votre \u00e9coute<\/strong><\/h1><div style=\"height:25px\" aria-hidden=\"true\" class=\"wp-block-spacer\"><\/div>\n<div class=\"wpcf7 no-js\" id=\"wpcf7-f3492-o1\" lang=\"fr-FR\" dir=\"ltr\" data-wpcf7-id=\"3492\">\n<div class=\"screen-reader-response\"><p role=\"status\" aria-live=\"polite\" aria-atomic=\"true\"><\/p> <ul><\/ul><\/div>\n<form action=\"\/media\/wp-json\/wp\/v2\/pages\/5304#wpcf7-f3492-o1\" method=\"post\" class=\"wpcf7-form init\" aria-label=\"Formulaire de contact\" novalidate=\"novalidate\" data-status=\"init\">\n<fieldset class=\"hidden-fields-container\"><input type=\"hidden\" name=\"_wpcf7\" value=\"3492\" \/><input type=\"hidden\" name=\"_wpcf7_version\" value=\"6.1.5\" \/><input type=\"hidden\" name=\"_wpcf7_locale\" value=\"fr_FR\" \/><input type=\"hidden\" name=\"_wpcf7_unit_tag\" value=\"wpcf7-f3492-o1\" \/><input type=\"hidden\" name=\"_wpcf7_container_post\" value=\"0\" \/><input type=\"hidden\" name=\"_wpcf7_posted_data_hash\" value=\"\" \/><input type=\"hidden\" name=\"_wpcf7_recaptcha_response\" value=\"\" \/>\n<\/fieldset>\n<p><label><br \/>\n<span class=\"wpcf7-form-control-wrap\" data-name=\"menu-157\"><select class=\"wpcf7-form-control wpcf7-select\" aria-invalid=\"false\" name=\"menu-157\"><option value=\"Madame\">Madame<\/option><option value=\"Monsieur\">Monsieur<\/option><\/select><\/span> <\/label>\n<\/p>\n<p><label><br \/>\n<span class=\"wpcf7-form-control-wrap\" data-name=\"Prnom\"><input size=\"40\" maxlength=\"400\" class=\"wpcf7-form-control wpcf7-text wpcf7-validates-as-required\" aria-required=\"true\" aria-invalid=\"false\" placeholder=\"Pr\u00e9nom*\" value=\"\" type=\"text\" name=\"Prnom\" \/><\/span> <\/label>\n<\/p>\n<p><label><br \/>\n<span class=\"wpcf7-form-control-wrap\" data-name=\"Nom\"><input size=\"40\" maxlength=\"400\" class=\"wpcf7-form-control wpcf7-text wpcf7-validates-as-required\" aria-required=\"true\" aria-invalid=\"false\" placeholder=\"Nom*\" value=\"\" type=\"text\" name=\"Nom\" \/><\/span> <\/label>\n<\/p>\n<p><label><br \/>\n<span class=\"wpcf7-form-control-wrap\" data-name=\"tel-645\"><input size=\"40\" maxlength=\"400\" class=\"wpcf7-form-control wpcf7-tel wpcf7-validates-as-required wpcf7-text wpcf7-validates-as-tel\" aria-required=\"true\" aria-invalid=\"false\" placeholder=\"T\u00e9l\u00e9phone*\" value=\"\" type=\"tel\" name=\"tel-645\" \/><\/span> <\/label>\n<\/p>\n<p><label><br \/>\n<span class=\"wpcf7-form-control-wrap\" data-name=\"email-414\"><input size=\"40\" maxlength=\"400\" class=\"wpcf7-form-control wpcf7-email wpcf7-validates-as-required wpcf7-text wpcf7-validates-as-email\" aria-required=\"true\" aria-invalid=\"false\" placeholder=\"Email*\" value=\"\" type=\"email\" name=\"email-414\" \/><\/span> <\/label>\n<\/p>\n<p><label><br \/>\n<span class=\"wpcf7-form-control-wrap\" data-name=\"textarea-794\"><textarea cols=\"40\" rows=\"10\" maxlength=\"2000\" class=\"wpcf7-form-control wpcf7-textarea wpcf7-validates-as-required\" aria-required=\"true\" aria-invalid=\"false\" placeholder=\"Votre message*\" name=\"textarea-794\"><\/textarea><\/span> <\/label>\n<\/p>\n<span class=\"wpcf7-form-control-wrap recaptcha\" data-name=\"recaptcha\"><span data-sitekey=\"6LcUPukgAAAAAFmeZL4eZ64l9VpMdr4TUmhQMFGk\" class=\"wpcf7-form-control wpcf7-recaptcha g-recaptcha\"><\/span>\r\n<noscript>\r\n\t<div class=\"grecaptcha-noscript\">\r\n\t\t<iframe src=\"https:\/\/www.google.com\/recaptcha\/api\/fallback?k=6LcUPukgAAAAAFmeZL4eZ64l9VpMdr4TUmhQMFGk\" frameborder=\"0\" scrolling=\"no\" width=\"310\" height=\"430\">\r\n\t\t<\/iframe>\r\n\t\t<textarea name=\"g-recaptcha-response\" rows=\"3\" cols=\"40\" placeholder=\"reCaptcha Response Here\">\r\n\t\t<\/textarea>\r\n\t<\/div>\r\n<\/noscript>\r\n<\/span>\n<p><input class=\"wpcf7-form-control wpcf7-submit has-spinner\" type=\"submit\" value=\"ENVOYER\" \/>\n<\/p><div class=\"wpcf7-response-output\" aria-hidden=\"true\"><\/div>\n<\/form>\n<\/div>\n<div style=\"height:30px\" aria-hidden=\"true\" class=\"wp-block-spacer\"><\/div><p style=\"font-style:normal;font-weight:700\">* CHAMP OBLLIGATOIRE<\/p><div style=\"height:100px\" aria-hidden=\"true\" class=\"wp-block-spacer\"><\/div>","protected":false},"excerpt":{"rendered":"<p>Nous sommes \u00e0 votre \u00e9coute * CHAMP OBLLIGATOIRE<\/p>\n","protected":false},"author":4,"featured_media":0,"parent":0,"menu_order":0,"comment_status":"closed","ping_status":"closed","template":"","meta":{"inline_featured_image":false,"footnotes":""},"class_list":["post-5304","page","type-page","status-publish"],"acf":[],"yoast_head":"<!-- This site is optimized with the Yoast SEO plugin v27.3 - https:\/\/yoast.com\/product\/yoast-seo-wordpress\/ -->\n<title>Contact Matuile<\/title>\n<meta name=\"description\" content=\"Utilisez la page de contact Matuile pour une communication en ligne fluide et rapide. Notre \u00e9quipe est \u00e0 votre enti\u00e8re disposition.\" \/>\n<meta name=\"robots\" content=\"index, follow, max-snippet:-1, max-image-preview:large, max-video-preview:-1\" \/>\n<link rel=\"canonical\" href=\"https:\/\/matuile.com\/media\/contactez-nous-matuile\/\" \/>\n<meta property=\"og:locale\" content=\"fr_FR\" \/>\n<meta property=\"og:type\" content=\"article\" \/>\n<meta property=\"og:title\" content=\"Contact Matuile\" \/>\n<meta property=\"og:description\" content=\"Utilisez la page de contact Matuile pour une communication en ligne fluide et rapide. Notre \u00e9quipe est \u00e0 votre enti\u00e8re disposition.\" \/>\n<meta property=\"og:url\" content=\"https:\/\/matuile.com\/media\/contactez-nous-matuile\/\" \/>\n<meta property=\"og:site_name\" content=\"Matuile\" \/>\n<meta property=\"article:modified_time\" content=\"2024-12-09T09:48:09+00:00\" \/>\n<meta property=\"og:image\" content=\"https:\/\/matuile.com\/media\/wp-content\/uploads\/2023\/02\/pexels-andrea-piacquadio-3769152-1.jpg\" \/>\n\t<meta property=\"og:image:width\" content=\"1920\" \/>\n\t<meta property=\"og:image:height\" content=\"1280\" \/>\n\t<meta property=\"og:image:type\" content=\"image\/jpeg\" \/>\n<meta name=\"twitter:card\" content=\"summary_large_image\" \/>\n<meta name=\"twitter:label1\" content=\"Dur\u00e9e de lecture estim\u00e9e\" \/>\n\t<meta name=\"twitter:data1\" content=\"1 minute\" \/>\n<script type=\"application\/ld+json\" class=\"yoast-schema-graph\">{\"@context\":\"https:\\\/\\\/schema.org\",\"@graph\":[{\"@type\":[\"WebPage\",\"ContactPage\"],\"@id\":\"https:\\\/\\\/matuile.com\\\/media\\\/contactez-nous-matuile\\\/\",\"url\":\"https:\\\/\\\/matuile.com\\\/media\\\/contactez-nous-matuile\\\/\",\"name\":\"Contact Matuile\",\"isPartOf\":{\"@id\":\"https:\\\/\\\/matuile.com\\\/media\\\/#website\"},\"primaryImageOfPage\":{\"@id\":\"https:\\\/\\\/matuile.com\\\/media\\\/contactez-nous-matuile\\\/#primaryimage\"},\"image\":{\"@id\":\"https:\\\/\\\/matuile.com\\\/media\\\/contactez-nous-matuile\\\/#primaryimage\"},\"thumbnailUrl\":\"https:\\\/\\\/matuile.com\\\/media\\\/wp-content\\\/uploads\\\/2023\\\/02\\\/pexels-andrea-piacquadio-3769152-1-1024x683.jpg\",\"datePublished\":\"2024-03-06T14:47:00+00:00\",\"dateModified\":\"2024-12-09T09:48:09+00:00\",\"description\":\"Utilisez la page de contact Matuile pour une communication en ligne fluide et rapide. Notre \u00e9quipe est \u00e0 votre enti\u00e8re disposition.\",\"breadcrumb\":{\"@id\":\"https:\\\/\\\/matuile.com\\\/media\\\/contactez-nous-matuile\\\/#breadcrumb\"},\"inLanguage\":\"fr-FR\",\"potentialAction\":[{\"@type\":\"ReadAction\",\"target\":[\"https:\\\/\\\/matuile.com\\\/media\\\/contactez-nous-matuile\\\/\"]}]},{\"@type\":\"ImageObject\",\"inLanguage\":\"fr-FR\",\"@id\":\"https:\\\/\\\/matuile.com\\\/media\\\/contactez-nous-matuile\\\/#primaryimage\",\"url\":\"https:\\\/\\\/matuile.com\\\/media\\\/wp-content\\\/uploads\\\/2023\\\/02\\\/pexels-andrea-piacquadio-3769152-1.jpg\",\"contentUrl\":\"https:\\\/\\\/matuile.com\\\/media\\\/wp-content\\\/uploads\\\/2023\\\/02\\\/pexels-andrea-piacquadio-3769152-1.jpg\",\"width\":1920,\"height\":1280},{\"@type\":\"BreadcrumbList\",\"@id\":\"https:\\\/\\\/matuile.com\\\/media\\\/contactez-nous-matuile\\\/#breadcrumb\",\"itemListElement\":[{\"@type\":\"ListItem\",\"position\":1,\"name\":\"Accueil\",\"item\":\"https:\\\/\\\/matuile.com\\\/media\\\/\"},{\"@type\":\"ListItem\",\"position\":2,\"name\":\"Contactez-nous\"}]},{\"@type\":\"WebSite\",\"@id\":\"https:\\\/\\\/matuile.com\\\/media\\\/#website\",\"url\":\"https:\\\/\\\/matuile.com\\\/media\\\/\",\"name\":\"Matuile Blog\",\"description\":\"La solution \u00e0 votre urgence\",\"publisher\":{\"@id\":\"https:\\\/\\\/matuile.com\\\/media\\\/#organization\"},\"alternateName\":\"Matuile\",\"potentialAction\":[{\"@type\":\"SearchAction\",\"target\":{\"@type\":\"EntryPoint\",\"urlTemplate\":\"https:\\\/\\\/matuile.com\\\/media\\\/?s={search_term_string}\"},\"query-input\":{\"@type\":\"PropertyValueSpecification\",\"valueRequired\":true,\"valueName\":\"search_term_string\"}}],\"inLanguage\":\"fr-FR\"},{\"@type\":\"Organization\",\"@id\":\"https:\\\/\\\/matuile.com\\\/media\\\/#organization\",\"name\":\"Matuile\",\"url\":\"https:\\\/\\\/matuile.com\\\/media\\\/\",\"logo\":{\"@type\":\"ImageObject\",\"inLanguage\":\"fr-FR\",\"@id\":\"https:\\\/\\\/matuile.com\\\/media\\\/#\\\/schema\\\/logo\\\/image\\\/\",\"url\":\"https:\\\/\\\/matuile.com\\\/media\\\/wp-content\\\/uploads\\\/2023\\\/04\\\/Matuile.png\",\"contentUrl\":\"https:\\\/\\\/matuile.com\\\/media\\\/wp-content\\\/uploads\\\/2023\\\/04\\\/Matuile.png\",\"width\":700,\"height\":700,\"caption\":\"Matuile\"},\"image\":{\"@id\":\"https:\\\/\\\/matuile.com\\\/media\\\/#\\\/schema\\\/logo\\\/image\\\/\"}}]}<\/script>\n<!-- \/ Yoast SEO plugin. -->","yoast_head_json":{"title":"Contact Matuile","description":"Utilisez la page de contact Matuile pour une communication en ligne fluide et rapide. Notre \u00e9quipe est \u00e0 votre enti\u00e8re disposition.","robots":{"index":"index","follow":"follow","max-snippet":"max-snippet:-1","max-image-preview":"max-image-preview:large","max-video-preview":"max-video-preview:-1"},"canonical":"https:\/\/matuile.com\/media\/contactez-nous-matuile\/","og_locale":"fr_FR","og_type":"article","og_title":"Contact Matuile","og_description":"Utilisez la page de contact Matuile pour une communication en ligne fluide et rapide. Notre \u00e9quipe est \u00e0 votre enti\u00e8re disposition.","og_url":"https:\/\/matuile.com\/media\/contactez-nous-matuile\/","og_site_name":"Matuile","article_modified_time":"2024-12-09T09:48:09+00:00","og_image":[{"width":1920,"height":1280,"url":"https:\/\/matuile.com\/media\/wp-content\/uploads\/2023\/02\/pexels-andrea-piacquadio-3769152-1.jpg","type":"image\/jpeg"}],"twitter_card":"summary_large_image","twitter_misc":{"Dur\u00e9e de lecture estim\u00e9e":"1 minute"},"schema":{"@context":"https:\/\/schema.org","@graph":[{"@type":["WebPage","ContactPage"],"@id":"https:\/\/matuile.com\/media\/contactez-nous-matuile\/","url":"https:\/\/matuile.com\/media\/contactez-nous-matuile\/","name":"Contact Matuile","isPartOf":{"@id":"https:\/\/matuile.com\/media\/#website"},"primaryImageOfPage":{"@id":"https:\/\/matuile.com\/media\/contactez-nous-matuile\/#primaryimage"},"image":{"@id":"https:\/\/matuile.com\/media\/contactez-nous-matuile\/#primaryimage"},"thumbnailUrl":"https:\/\/matuile.com\/media\/wp-content\/uploads\/2023\/02\/pexels-andrea-piacquadio-3769152-1-1024x683.jpg","datePublished":"2024-03-06T14:47:00+00:00","dateModified":"2024-12-09T09:48:09+00:00","description":"Utilisez la page de contact Matuile pour une communication en ligne fluide et rapide. Notre \u00e9quipe est \u00e0 votre enti\u00e8re disposition.","breadcrumb":{"@id":"https:\/\/matuile.com\/media\/contactez-nous-matuile\/#breadcrumb"},"inLanguage":"fr-FR","potentialAction":[{"@type":"ReadAction","target":["https:\/\/matuile.com\/media\/contactez-nous-matuile\/"]}]},{"@type":"ImageObject","inLanguage":"fr-FR","@id":"https:\/\/matuile.com\/media\/contactez-nous-matuile\/#primaryimage","url":"https:\/\/matuile.com\/media\/wp-content\/uploads\/2023\/02\/pexels-andrea-piacquadio-3769152-1.jpg","contentUrl":"https:\/\/matuile.com\/media\/wp-content\/uploads\/2023\/02\/pexels-andrea-piacquadio-3769152-1.jpg","width":1920,"height":1280},{"@type":"BreadcrumbList","@id":"https:\/\/matuile.com\/media\/contactez-nous-matuile\/#breadcrumb","itemListElement":[{"@type":"ListItem","position":1,"name":"Accueil","item":"https:\/\/matuile.com\/media\/"},{"@type":"ListItem","position":2,"name":"Contactez-nous"}]},{"@type":"WebSite","@id":"https:\/\/matuile.com\/media\/#website","url":"https:\/\/matuile.com\/media\/","name":"Matuile Blog","description":"La solution \u00e0 votre urgence","publisher":{"@id":"https:\/\/matuile.com\/media\/#organization"},"alternateName":"Matuile","potentialAction":[{"@type":"SearchAction","target":{"@type":"EntryPoint","urlTemplate":"https:\/\/matuile.com\/media\/?s={search_term_string}"},"query-input":{"@type":"PropertyValueSpecification","valueRequired":true,"valueName":"search_term_string"}}],"inLanguage":"fr-FR"},{"@type":"Organization","@id":"https:\/\/matuile.com\/media\/#organization","name":"Matuile","url":"https:\/\/matuile.com\/media\/","logo":{"@type":"ImageObject","inLanguage":"fr-FR","@id":"https:\/\/matuile.com\/media\/#\/schema\/logo\/image\/","url":"https:\/\/matuile.com\/media\/wp-content\/uploads\/2023\/04\/Matuile.png","contentUrl":"https:\/\/matuile.com\/media\/wp-content\/uploads\/2023\/04\/Matuile.png","width":700,"height":700,"caption":"Matuile"},"image":{"@id":"https:\/\/matuile.com\/media\/#\/schema\/logo\/image\/"}}]}},"_links":{"self":[{"href":"https:\/\/matuile.com\/media\/wp-json\/wp\/v2\/pages\/5304","targetHints":{"allow":["GET"]}}],"collection":[{"href":"https:\/\/matuile.com\/media\/wp-json\/wp\/v2\/pages"}],"about":[{"href":"https:\/\/matuile.com\/media\/wp-json\/wp\/v2\/types\/page"}],"author":[{"embeddable":true,"href":"https:\/\/matuile.com\/media\/wp-json\/wp\/v2\/users\/4"}],"replies":[{"embeddable":true,"href":"https:\/\/matuile.com\/media\/wp-json\/wp\/v2\/comments?post=5304"}],"version-history":[{"count":53,"href":"https:\/\/matuile.com\/media\/wp-json\/wp\/v2\/pages\/5304\/revisions"}],"predecessor-version":[{"id":84403,"href":"https:\/\/matuile.com\/media\/wp-json\/wp\/v2\/pages\/5304\/revisions\/84403"}],"wp:attachment":[{"href":"https:\/\/matuile.com\/media\/wp-json\/wp\/v2\/media?parent=5304"}],"curies":[{"name":"wp","href":"https:\/\/api.w.org\/{rel}","templated":true}]}}