{"id":448,"date":"2023-04-17T10:35:02","date_gmt":"2023-04-17T08:35:02","guid":{"rendered":"https:\/\/wp.wp-preview.com\/inhype\/inhype-4\/?page_id=448"},"modified":"2023-08-01T23:20:58","modified_gmt":"2023-08-01T21:20:58","slug":"l-equipe-matuile","status":"publish","type":"page","link":"https:\/\/matuile.com\/media\/l-equipe-matuile\/","title":{"rendered":"Matuile c&rsquo;est parti !"},"content":{"rendered":"<div class=\"wp-block-image\"><figure class=\"aligncenter size-large\"><img decoding=\"async\" width=\"1024\" height=\"576\" src=\"https:\/\/matuile.com\/media\/wp-content\/uploads\/2022\/11\/On-off_00000-1-1024x576.png\" alt=\"\" class=\"wp-image-6101\" srcset=\"https:\/\/matuile.com\/media\/wp-content\/uploads\/2022\/11\/On-off_00000-1-1024x576.png 1024w, https:\/\/matuile.com\/media\/wp-content\/uploads\/2022\/11\/On-off_00000-1-600x338.png 600w, https:\/\/matuile.com\/media\/wp-content\/uploads\/2022\/11\/On-off_00000-1-300x169.png 300w, https:\/\/matuile.com\/media\/wp-content\/uploads\/2022\/11\/On-off_00000-1-768x432.png 768w, https:\/\/matuile.com\/media\/wp-content\/uploads\/2022\/11\/On-off_00000-1-1536x864.png 1536w, https:\/\/matuile.com\/media\/wp-content\/uploads\/2022\/11\/On-off_00000-1-360x203.png 360w, https:\/\/matuile.com\/media\/wp-content\/uploads\/2022\/11\/On-off_00000-1.png 1920w\" sizes=\"(max-width: 1024px) 100vw, 1024px\" \/><\/figure><\/div><p class=\"has-text-align-center has-large-font-size\" style=\"font-style:normal;font-weight:100\"><strong>Ouverture du service le 01\/07\/2023<\/strong><\/p><div style=\"height:100px\" aria-hidden=\"true\" class=\"wp-block-spacer\"><\/div><div class=\"shortcode-block\"><div class=\"inhype-postsgrid3-block-wrapper inhype-postsgrid3-block-wrapper-15827 inhype-block\"><div class=\"container container-title\"><div class=\"row\"><div class=\"inhype-block-title\"><h3>A la une<\/h3><\/div><\/div><\/div><div class=\"container container-content\"><div class=\"row\"><div class=\"col-md-4\"><div class=\"inhype-overlay-post inhype-overlay-short-post inhype-post inhype-post-invert format-video\" data-aos=\"zoom-in\"><div class=\"inhype-post-wrapper-inner\"><div class=\"inhype-post-image\" data-style=\"background-image: url(https:\/\/matuile.com\/media\/wp-content\/uploads\/2023\/02\/pexels-mikhail-nilov-7662301-1140x694.jpg);\"><div class=\"inhype-post-format-icon\"><\/div><\/div>\n<div class=\"inhype-post-details\">\n<div class=\"inhype-post-details-inner\">\n<div class=\"post-categories\"><a href=\"https:\/\/matuile.com\/media\/category\/video-replay-matuile\/\"><span class=\"cat-dot\" data-style=\"background-color: #dd25ea;\"><\/span><span class=\"cat-title\">Replay<\/span><\/a><\/div><h3 class=\"post-title entry-title\"><a href=\"https:\/\/matuile.com\/media\/matuile-cest-facile\/\">Matuile c'est facile !<\/a><\/h3><div class=\"post-author\">\n    <span class=\"vcard\">\n        Par <span class=\"fn\"><a href=\"https:\/\/matuile.com\/media\/author\/matuile-2\/\" title=\"Articles par J\u00e9r\u00e9mie\" rel=\"author\">J\u00e9r\u00e9mie<\/a><\/span>\n    <\/span>\n<\/div>\n<div class=\"post-info-dot\"><\/div>\n<div class=\"post-date\"><time class=\"entry-date published updated\" datetime=\"2023-04-25T11:03:00+02:00\">25 avril 2023<\/time><\/div>\n<div class=\"post-info-dot\"><\/div>\n<div class=\"post-read-time\">1 Minutes de lecture<\/div>\n<\/div><\/div><\/div><\/div><\/div><div class=\"col-md-4\"><div class=\"inhype-overlay-post inhype-overlay-short-post inhype-post inhype-post-invert format-video\" data-aos=\"zoom-in\"><div class=\"inhype-post-wrapper-inner\"><div class=\"inhype-post-image\" data-style=\"background-image: url(https:\/\/matuile.com\/media\/wp-content\/uploads\/2022\/11\/pexels-kindel-media-7773266-1140x694.jpg);\"><div class=\"inhype-post-format-icon\"><\/div><\/div>\n<div class=\"inhype-post-details\">\n<div class=\"inhype-post-details-inner\">\n<div class=\"post-categories\"><a href=\"https:\/\/matuile.com\/media\/category\/video-replay-matuile\/\"><span class=\"cat-dot\" data-style=\"background-color: #dd25ea;\"><\/span><span class=\"cat-title\">Replay<\/span><\/a><\/div><h3 class=\"post-title entry-title\"><a href=\"https:\/\/matuile.com\/media\/avocat-garde-a-vue\/\">Tu pars en garde \u00e0 vue ?<\/a><\/h3><div class=\"post-author\">\n    <span class=\"vcard\">\n        Par <span class=\"fn\"><a href=\"https:\/\/matuile.com\/media\/author\/matuile-2\/\" title=\"Articles par J\u00e9r\u00e9mie\" rel=\"author\">J\u00e9r\u00e9mie<\/a><\/span>\n    <\/span>\n<\/div>\n<div class=\"post-info-dot\"><\/div>\n<div class=\"post-date\"><time class=\"entry-date published updated\" datetime=\"2023-04-25T10:32:00+02:00\">25 avril 2023<\/time><\/div>\n<div class=\"post-info-dot\"><\/div>\n<div class=\"post-read-time\">1 Minutes de lecture<\/div>\n<\/div><\/div><\/div><\/div><\/div><div class=\"col-md-4\"><div class=\"inhype-overlay-post inhype-overlay-short-post inhype-post inhype-post-invert format-video\" data-aos=\"zoom-in\"><div class=\"inhype-post-wrapper-inner\"><div class=\"inhype-post-image\" data-style=\"background-image: url(https:\/\/matuile.com\/media\/wp-content\/uploads\/2022\/11\/pexels-jakson-martins-3880049-1140x694.jpg);\"><div class=\"inhype-post-format-icon\"><\/div><\/div>\n<div class=\"inhype-post-details\">\n<div class=\"inhype-post-details-inner\">\n<div class=\"post-categories\"><a href=\"https:\/\/matuile.com\/media\/category\/video-replay-matuile\/\"><span class=\"cat-dot\" data-style=\"background-color: #dd25ea;\"><\/span><span class=\"cat-title\">Replay<\/span><\/a><\/div><h3 class=\"post-title entry-title\"><a href=\"https:\/\/matuile.com\/media\/protegez-vous-des-pirates\/\">Prot\u00e9gez-vous des pirates !<\/a><\/h3><div class=\"post-author\">\n    <span class=\"vcard\">\n        Par <span class=\"fn\"><a href=\"https:\/\/matuile.com\/media\/author\/matuile-2\/\" title=\"Articles par J\u00e9r\u00e9mie\" rel=\"author\">J\u00e9r\u00e9mie<\/a><\/span>\n    <\/span>\n<\/div>\n<div class=\"post-info-dot\"><\/div>\n<div class=\"post-date\"><time class=\"entry-date published updated\" datetime=\"2023-04-24T23:51:02+02:00\">24 avril 2023<\/time><\/div>\n<div class=\"post-info-dot\"><\/div>\n<div class=\"post-read-time\">1 Minutes de lecture<\/div>\n<\/div><\/div><\/div><\/div><\/div><div class=\"col-md-12 inhype-block-button\" data-aos=\"zoom-in\"><a href=\"#\" class=\"btn btn-load-more\">Voir +<\/a><\/div><\/div><\/div><\/div><\/div>","protected":false},"excerpt":{"rendered":"<p>Ouverture du service le 01\/07\/2023<\/p>\n","protected":false},"author":3,"featured_media":0,"parent":0,"menu_order":0,"comment_status":"closed","ping_status":"closed","template":"","meta":{"inline_featured_image":false,"footnotes":""},"class_list":["post-448","page","type-page","status-publish"],"acf":[],"yoast_head":"<!-- This site is optimized with the Yoast SEO plugin v27.5 - https:\/\/yoast.com\/product\/yoast-seo-wordpress\/ -->\n<title>L&#039;\u00e9quipe Matuile<\/title>\n<meta name=\"description\" content=\"D\u00e9couvrez l&#039;\u00e9quipe Matuile et retrouvez tous les derni\u00e8res sujets abord\u00e9s, actualit\u00e9s et communiqu\u00e9s de presse.\" \/>\n<meta name=\"robots\" content=\"index, follow, max-snippet:-1, max-image-preview:large, max-video-preview:-1\" \/>\n<link rel=\"canonical\" href=\"https:\/\/matuile.com\/media\/l-equipe-matuile\/\" \/>\n<meta property=\"og:locale\" content=\"fr_FR\" \/>\n<meta property=\"og:type\" content=\"article\" \/>\n<meta property=\"og:title\" content=\"L&#039;\u00e9quipe Matuile\" \/>\n<meta property=\"og:description\" content=\"D\u00e9couvrez l&#039;\u00e9quipe Matuile et retrouvez tous les derni\u00e8res sujets abord\u00e9s, actualit\u00e9s et communiqu\u00e9s de presse.\" \/>\n<meta property=\"og:url\" content=\"https:\/\/matuile.com\/media\/l-equipe-matuile\/\" \/>\n<meta property=\"og:site_name\" content=\"Matuile\" \/>\n<meta property=\"article:modified_time\" content=\"2023-08-01T21:20:58+00:00\" \/>\n<meta property=\"og:image\" content=\"https:\/\/matuile.com\/media\/wp-content\/uploads\/2022\/11\/On-off_00000-1-1024x576.png\" \/>\n<meta name=\"twitter:card\" content=\"summary_large_image\" \/>\n<meta name=\"twitter:label1\" content=\"Dur\u00e9e de lecture estim\u00e9e\" \/>\n\t<meta name=\"twitter:data1\" content=\"1 minute\" \/>\n<script type=\"application\/ld+json\" class=\"yoast-schema-graph\">{\"@context\":\"https:\\\/\\\/schema.org\",\"@graph\":[{\"@type\":\"WebPage\",\"@id\":\"https:\\\/\\\/matuile.com\\\/media\\\/l-equipe-matuile\\\/\",\"url\":\"https:\\\/\\\/matuile.com\\\/media\\\/l-equipe-matuile\\\/\",\"name\":\"L'\u00e9quipe Matuile\",\"isPartOf\":{\"@id\":\"https:\\\/\\\/matuile.com\\\/media\\\/#website\"},\"primaryImageOfPage\":{\"@id\":\"https:\\\/\\\/matuile.com\\\/media\\\/l-equipe-matuile\\\/#primaryimage\"},\"image\":{\"@id\":\"https:\\\/\\\/matuile.com\\\/media\\\/l-equipe-matuile\\\/#primaryimage\"},\"thumbnailUrl\":\"https:\\\/\\\/matuile.com\\\/media\\\/wp-content\\\/uploads\\\/2022\\\/11\\\/On-off_00000-1-1024x576.png\",\"datePublished\":\"2023-04-17T08:35:02+00:00\",\"dateModified\":\"2023-08-01T21:20:58+00:00\",\"description\":\"D\u00e9couvrez l'\u00e9quipe Matuile et retrouvez tous les derni\u00e8res sujets abord\u00e9s, actualit\u00e9s et communiqu\u00e9s de presse.\",\"breadcrumb\":{\"@id\":\"https:\\\/\\\/matuile.com\\\/media\\\/l-equipe-matuile\\\/#breadcrumb\"},\"inLanguage\":\"fr-FR\",\"potentialAction\":[{\"@type\":\"ReadAction\",\"target\":[\"https:\\\/\\\/matuile.com\\\/media\\\/l-equipe-matuile\\\/\"]}]},{\"@type\":\"ImageObject\",\"inLanguage\":\"fr-FR\",\"@id\":\"https:\\\/\\\/matuile.com\\\/media\\\/l-equipe-matuile\\\/#primaryimage\",\"url\":\"https:\\\/\\\/matuile.com\\\/media\\\/wp-content\\\/uploads\\\/2022\\\/11\\\/On-off_00000-1.png\",\"contentUrl\":\"https:\\\/\\\/matuile.com\\\/media\\\/wp-content\\\/uploads\\\/2022\\\/11\\\/On-off_00000-1.png\",\"width\":1920,\"height\":1080},{\"@type\":\"BreadcrumbList\",\"@id\":\"https:\\\/\\\/matuile.com\\\/media\\\/l-equipe-matuile\\\/#breadcrumb\",\"itemListElement\":[{\"@type\":\"ListItem\",\"position\":1,\"name\":\"Accueil\",\"item\":\"https:\\\/\\\/matuile.com\\\/media\\\/\"},{\"@type\":\"ListItem\",\"position\":2,\"name\":\"Matuile c&rsquo;est parti !\"}]},{\"@type\":\"WebSite\",\"@id\":\"https:\\\/\\\/matuile.com\\\/media\\\/#website\",\"url\":\"https:\\\/\\\/matuile.com\\\/media\\\/\",\"name\":\"Matuile Blog\",\"description\":\"La solution \u00e0 votre urgence\",\"publisher\":{\"@id\":\"https:\\\/\\\/matuile.com\\\/media\\\/#organization\"},\"alternateName\":\"Matuile\",\"potentialAction\":[{\"@type\":\"SearchAction\",\"target\":{\"@type\":\"EntryPoint\",\"urlTemplate\":\"https:\\\/\\\/matuile.com\\\/media\\\/?s={search_term_string}\"},\"query-input\":{\"@type\":\"PropertyValueSpecification\",\"valueRequired\":true,\"valueName\":\"search_term_string\"}}],\"inLanguage\":\"fr-FR\"},{\"@type\":\"Organization\",\"@id\":\"https:\\\/\\\/matuile.com\\\/media\\\/#organization\",\"name\":\"Matuile\",\"url\":\"https:\\\/\\\/matuile.com\\\/media\\\/\",\"logo\":{\"@type\":\"ImageObject\",\"inLanguage\":\"fr-FR\",\"@id\":\"https:\\\/\\\/matuile.com\\\/media\\\/#\\\/schema\\\/logo\\\/image\\\/\",\"url\":\"https:\\\/\\\/matuile.com\\\/media\\\/wp-content\\\/uploads\\\/2023\\\/04\\\/Matuile.png\",\"contentUrl\":\"https:\\\/\\\/matuile.com\\\/media\\\/wp-content\\\/uploads\\\/2023\\\/04\\\/Matuile.png\",\"width\":700,\"height\":700,\"caption\":\"Matuile\"},\"image\":{\"@id\":\"https:\\\/\\\/matuile.com\\\/media\\\/#\\\/schema\\\/logo\\\/image\\\/\"}}]}<\/script>\n<!-- \/ Yoast SEO plugin. -->","yoast_head_json":{"title":"L'\u00e9quipe Matuile","description":"D\u00e9couvrez l'\u00e9quipe Matuile et retrouvez tous les derni\u00e8res sujets abord\u00e9s, actualit\u00e9s et communiqu\u00e9s de presse.","robots":{"index":"index","follow":"follow","max-snippet":"max-snippet:-1","max-image-preview":"max-image-preview:large","max-video-preview":"max-video-preview:-1"},"canonical":"https:\/\/matuile.com\/media\/l-equipe-matuile\/","og_locale":"fr_FR","og_type":"article","og_title":"L'\u00e9quipe Matuile","og_description":"D\u00e9couvrez l'\u00e9quipe Matuile et retrouvez tous les derni\u00e8res sujets abord\u00e9s, actualit\u00e9s et communiqu\u00e9s de presse.","og_url":"https:\/\/matuile.com\/media\/l-equipe-matuile\/","og_site_name":"Matuile","article_modified_time":"2023-08-01T21:20:58+00:00","og_image":[{"url":"https:\/\/matuile.com\/media\/wp-content\/uploads\/2022\/11\/On-off_00000-1-1024x576.png","type":"","width":"","height":""}],"twitter_card":"summary_large_image","twitter_misc":{"Dur\u00e9e de lecture estim\u00e9e":"1 minute"},"schema":{"@context":"https:\/\/schema.org","@graph":[{"@type":"WebPage","@id":"https:\/\/matuile.com\/media\/l-equipe-matuile\/","url":"https:\/\/matuile.com\/media\/l-equipe-matuile\/","name":"L'\u00e9quipe Matuile","isPartOf":{"@id":"https:\/\/matuile.com\/media\/#website"},"primaryImageOfPage":{"@id":"https:\/\/matuile.com\/media\/l-equipe-matuile\/#primaryimage"},"image":{"@id":"https:\/\/matuile.com\/media\/l-equipe-matuile\/#primaryimage"},"thumbnailUrl":"https:\/\/matuile.com\/media\/wp-content\/uploads\/2022\/11\/On-off_00000-1-1024x576.png","datePublished":"2023-04-17T08:35:02+00:00","dateModified":"2023-08-01T21:20:58+00:00","description":"D\u00e9couvrez l'\u00e9quipe Matuile et retrouvez tous les derni\u00e8res sujets abord\u00e9s, actualit\u00e9s et communiqu\u00e9s de presse.","breadcrumb":{"@id":"https:\/\/matuile.com\/media\/l-equipe-matuile\/#breadcrumb"},"inLanguage":"fr-FR","potentialAction":[{"@type":"ReadAction","target":["https:\/\/matuile.com\/media\/l-equipe-matuile\/"]}]},{"@type":"ImageObject","inLanguage":"fr-FR","@id":"https:\/\/matuile.com\/media\/l-equipe-matuile\/#primaryimage","url":"https:\/\/matuile.com\/media\/wp-content\/uploads\/2022\/11\/On-off_00000-1.png","contentUrl":"https:\/\/matuile.com\/media\/wp-content\/uploads\/2022\/11\/On-off_00000-1.png","width":1920,"height":1080},{"@type":"BreadcrumbList","@id":"https:\/\/matuile.com\/media\/l-equipe-matuile\/#breadcrumb","itemListElement":[{"@type":"ListItem","position":1,"name":"Accueil","item":"https:\/\/matuile.com\/media\/"},{"@type":"ListItem","position":2,"name":"Matuile c&rsquo;est parti !"}]},{"@type":"WebSite","@id":"https:\/\/matuile.com\/media\/#website","url":"https:\/\/matuile.com\/media\/","name":"Matuile Blog","description":"La solution \u00e0 votre urgence","publisher":{"@id":"https:\/\/matuile.com\/media\/#organization"},"alternateName":"Matuile","potentialAction":[{"@type":"SearchAction","target":{"@type":"EntryPoint","urlTemplate":"https:\/\/matuile.com\/media\/?s={search_term_string}"},"query-input":{"@type":"PropertyValueSpecification","valueRequired":true,"valueName":"search_term_string"}}],"inLanguage":"fr-FR"},{"@type":"Organization","@id":"https:\/\/matuile.com\/media\/#organization","name":"Matuile","url":"https:\/\/matuile.com\/media\/","logo":{"@type":"ImageObject","inLanguage":"fr-FR","@id":"https:\/\/matuile.com\/media\/#\/schema\/logo\/image\/","url":"https:\/\/matuile.com\/media\/wp-content\/uploads\/2023\/04\/Matuile.png","contentUrl":"https:\/\/matuile.com\/media\/wp-content\/uploads\/2023\/04\/Matuile.png","width":700,"height":700,"caption":"Matuile"},"image":{"@id":"https:\/\/matuile.com\/media\/#\/schema\/logo\/image\/"}}]}},"_links":{"self":[{"href":"https:\/\/matuile.com\/media\/wp-json\/wp\/v2\/pages\/448","targetHints":{"allow":["GET"]}}],"collection":[{"href":"https:\/\/matuile.com\/media\/wp-json\/wp\/v2\/pages"}],"about":[{"href":"https:\/\/matuile.com\/media\/wp-json\/wp\/v2\/types\/page"}],"author":[{"embeddable":true,"href":"https:\/\/matuile.com\/media\/wp-json\/wp\/v2\/users\/3"}],"replies":[{"embeddable":true,"href":"https:\/\/matuile.com\/media\/wp-json\/wp\/v2\/comments?post=448"}],"version-history":[{"count":36,"href":"https:\/\/matuile.com\/media\/wp-json\/wp\/v2\/pages\/448\/revisions"}],"predecessor-version":[{"id":27021,"href":"https:\/\/matuile.com\/media\/wp-json\/wp\/v2\/pages\/448\/revisions\/27021"}],"wp:attachment":[{"href":"https:\/\/matuile.com\/media\/wp-json\/wp\/v2\/media?parent=448"}],"curies":[{"name":"wp","href":"https:\/\/api.w.org\/{rel}","templated":true}]}}