{"id":3328,"date":"2023-04-17T10:05:38","date_gmt":"2023-04-17T08:05:38","guid":{"rendered":"https:\/\/matuile.com\/media\/?page_id=3328"},"modified":"2023-07-10T13:11:44","modified_gmt":"2023-07-10T11:11:44","slug":"nos-valeurs-matuile","status":"publish","type":"page","link":"https:\/\/matuile.com\/media\/nos-valeurs-matuile\/","title":{"rendered":"Nos valeurs"},"content":{"rendered":"<hr class=\"wp-block-separator has-text-color has-luminous-vivid-orange-color has-alpha-channel-opacity has-luminous-vivid-orange-background-color has-background is-style-wide\"\/><div style=\"height:50px\" aria-hidden=\"true\" class=\"wp-block-spacer\"><\/div><p style=\"font-size:16px;font-style:normal;font-weight:100\">Notre service consiste \u00e0 apporter une assistance humaine et technique \u00e0 toute personne se trouvant dans une situation urgente \u00e0 g\u00e9rer.<\/p><p style=\"font-size:16px;font-style:normal;font-weight:100\">Pour mener \u00e0 bien cette mission, on s&rsquo;appuie sur 3 valeurs :&nbsp;<\/p><div style=\"height:50px\" aria-hidden=\"true\" class=\"wp-block-spacer\"><\/div><div class=\"wp-block-media-text is-stacked-on-mobile\" style=\"grid-template-columns:32% auto\"><figure class=\"wp-block-media-text__media\"><img decoding=\"async\" width=\"683\" height=\"1024\" src=\"https:\/\/matuile.com\/media\/wp-content\/uploads\/2022\/11\/pexels-elina-fairytale-4008826-683x1024.jpg\" alt=\"valeur : l'humain\" class=\"wp-image-4859 size-full\" srcset=\"https:\/\/matuile.com\/media\/wp-content\/uploads\/2022\/11\/pexels-elina-fairytale-4008826-683x1024.jpg 683w, https:\/\/matuile.com\/media\/wp-content\/uploads\/2022\/11\/pexels-elina-fairytale-4008826-600x900.jpg 600w, https:\/\/matuile.com\/media\/wp-content\/uploads\/2022\/11\/pexels-elina-fairytale-4008826-200x300.jpg 200w, https:\/\/matuile.com\/media\/wp-content\/uploads\/2022\/11\/pexels-elina-fairytale-4008826-768x1152.jpg 768w, https:\/\/matuile.com\/media\/wp-content\/uploads\/2022\/11\/pexels-elina-fairytale-4008826-1024x1536.jpg 1024w, https:\/\/matuile.com\/media\/wp-content\/uploads\/2022\/11\/pexels-elina-fairytale-4008826-360x540.jpg 360w, https:\/\/matuile.com\/media\/wp-content\/uploads\/2022\/11\/pexels-elina-fairytale-4008826.jpg 1280w\" sizes=\"(max-width: 683px) 100vw, 683px\" \/><\/figure><div class=\"wp-block-media-text__content\"><p style=\"font-size:30px;font-style:normal;font-weight:100\"><strong>L&rsquo;humain<\/strong><\/p>\n\n<p style=\"font-size:16px;font-style:normal;font-weight:100\">La personne humaine est au centre de nos pr\u00e9occupations.<\/p>\n\n<p style=\"font-size:16px;font-style:normal;font-weight:100\">Le respect qui lui est d\u00fb, l\u2019\u00e9gard qu\u2019on lui porte et l\u2019attention qu\u2019elle m\u00e9rite sont au c\u0153ur de notre m\u00e9tier.<\/p><\/div><\/div><div style=\"height:60px\" aria-hidden=\"true\" class=\"wp-block-spacer\"><\/div><div class=\"wp-block-media-text is-stacked-on-mobile is-vertically-aligned-center\" style=\"grid-template-columns:32% auto\"><figure class=\"wp-block-media-text__media\"><img decoding=\"async\" width=\"683\" height=\"1024\" src=\"https:\/\/matuile.com\/media\/wp-content\/uploads\/2022\/11\/pexels-pixabay-263356-1-683x1024.jpg\" alt=\"valeur : servir\" class=\"wp-image-4861 size-full\" srcset=\"https:\/\/matuile.com\/media\/wp-content\/uploads\/2022\/11\/pexels-pixabay-263356-1-683x1024.jpg 683w, https:\/\/matuile.com\/media\/wp-content\/uploads\/2022\/11\/pexels-pixabay-263356-1-600x900.jpg 600w, https:\/\/matuile.com\/media\/wp-content\/uploads\/2022\/11\/pexels-pixabay-263356-1-200x300.jpg 200w, https:\/\/matuile.com\/media\/wp-content\/uploads\/2022\/11\/pexels-pixabay-263356-1-768x1152.jpg 768w, https:\/\/matuile.com\/media\/wp-content\/uploads\/2022\/11\/pexels-pixabay-263356-1-1024x1536.jpg 1024w, https:\/\/matuile.com\/media\/wp-content\/uploads\/2022\/11\/pexels-pixabay-263356-1-360x540.jpg 360w, https:\/\/matuile.com\/media\/wp-content\/uploads\/2022\/11\/pexels-pixabay-263356-1.jpg 1280w\" sizes=\"(max-width: 683px) 100vw, 683px\" \/><\/figure><div class=\"wp-block-media-text__content\"><p style=\"font-size:30px\"><strong>Servir<\/strong><\/p>\n\n<p style=\"font-size:16px;font-style:normal;font-weight:100\">Servir est un Grand mot. On s\u2019\u00e9l\u00e8ve en servant, on est utile quand on donne satisfaction.<\/p>\n\n<p style=\"font-size:16px;font-style:normal;font-weight:100\">Apporter \u00e0 l\u2019homme le service qu\u2019il souhaite est notre priorit\u00e9.<\/p><\/div><\/div><div style=\"height:60px\" aria-hidden=\"true\" class=\"wp-block-spacer\"><\/div><div class=\"wp-block-media-text is-stacked-on-mobile is-vertically-aligned-center\" style=\"grid-template-columns:32% auto\"><figure class=\"wp-block-media-text__media\"><img decoding=\"async\" width=\"683\" height=\"1024\" src=\"https:\/\/matuile.com\/media\/wp-content\/uploads\/2022\/11\/pexels-rodnae-productions-7005046-683x1024.jpg\" alt=\"valeur : l'excellence\" class=\"wp-image-4862 size-full\" srcset=\"https:\/\/matuile.com\/media\/wp-content\/uploads\/2022\/11\/pexels-rodnae-productions-7005046-683x1024.jpg 683w, https:\/\/matuile.com\/media\/wp-content\/uploads\/2022\/11\/pexels-rodnae-productions-7005046-600x900.jpg 600w, https:\/\/matuile.com\/media\/wp-content\/uploads\/2022\/11\/pexels-rodnae-productions-7005046-200x300.jpg 200w, https:\/\/matuile.com\/media\/wp-content\/uploads\/2022\/11\/pexels-rodnae-productions-7005046-768x1152.jpg 768w, https:\/\/matuile.com\/media\/wp-content\/uploads\/2022\/11\/pexels-rodnae-productions-7005046-1024x1536.jpg 1024w, https:\/\/matuile.com\/media\/wp-content\/uploads\/2022\/11\/pexels-rodnae-productions-7005046-360x540.jpg 360w, https:\/\/matuile.com\/media\/wp-content\/uploads\/2022\/11\/pexels-rodnae-productions-7005046.jpg 1280w\" sizes=\"(max-width: 683px) 100vw, 683px\" \/><\/figure><div class=\"wp-block-media-text__content\"><p style=\"font-size:30px\"><strong>L&rsquo;excellence<\/strong><\/p>\n\n<p style=\"font-size:16px;font-style:normal;font-weight:100\">Faire de son mieux, s\u2019am\u00e9liorer toujours ! <\/p>\n\n<p style=\"font-size:16px;font-style:normal;font-weight:100\">La recherche de l\u2019excellence est la raison de notre<br>professionnalisme.<\/p><\/div><\/div><div style=\"height:25px\" aria-hidden=\"true\" class=\"wp-block-spacer\"><\/div><p style=\"font-size:16px;font-style:normal;font-weight:100\">Ces valeurs conduisent toutes nos actions et figurent dans notre charte de qualit\u00e9. Chaque collaborateur et chaque professionnel int\u00e9grant notre r\u00e9seau y adh\u00e8re en nous rejoignant.<\/p>","protected":false},"excerpt":{"rendered":"<p>Notre service consiste \u00e0 apporter une assistance humaine et technique \u00e0 toute personne se trouvant dans une situation urgente \u00e0 g\u00e9rer. Pour&#8230;<\/p>\n","protected":false},"author":3,"featured_media":0,"parent":0,"menu_order":0,"comment_status":"closed","ping_status":"closed","template":"","meta":{"inline_featured_image":false,"footnotes":""},"class_list":["post-3328","page","type-page","status-publish"],"acf":[],"yoast_head":"<!-- This site is optimized with the Yoast SEO plugin v27.4 - https:\/\/yoast.com\/product\/yoast-seo-wordpress\/ -->\n<title>Nos valeurs<\/title>\n<meta name=\"description\" content=\"Notre service consiste \u00e0 apporter une assistance humaine et technique \u00e0 toute personne se trouvant dans une situation urgente \u00e0 g\u00e9rer. Nos valeurs\" \/>\n<meta name=\"robots\" content=\"index, follow, max-snippet:-1, max-image-preview:large, max-video-preview:-1\" \/>\n<link rel=\"canonical\" href=\"https:\/\/matuile.com\/media\/nos-valeurs-matuile\/\" \/>\n<meta property=\"og:locale\" content=\"fr_FR\" \/>\n<meta property=\"og:type\" content=\"article\" \/>\n<meta property=\"og:title\" content=\"Nos valeurs\" \/>\n<meta property=\"og:description\" content=\"Notre service consiste \u00e0 apporter une assistance humaine et technique \u00e0 toute personne se trouvant dans une situation urgente \u00e0 g\u00e9rer. Nos valeurs\" \/>\n<meta property=\"og:url\" content=\"https:\/\/matuile.com\/media\/nos-valeurs-matuile\/\" \/>\n<meta property=\"og:site_name\" content=\"Matuile\" \/>\n<meta property=\"article:modified_time\" content=\"2023-07-10T11:11:44+00:00\" \/>\n<meta property=\"og:image\" content=\"https:\/\/matuile.com\/media\/wp-content\/uploads\/2022\/11\/pexels-elina-fairytale-4008826-683x1024.jpg\" \/>\n<meta name=\"twitter:card\" content=\"summary_large_image\" \/>\n<meta name=\"twitter:label1\" content=\"Dur\u00e9e de lecture estim\u00e9e\" \/>\n\t<meta name=\"twitter:data1\" content=\"2 minutes\" \/>\n<script type=\"application\/ld+json\" class=\"yoast-schema-graph\">{\"@context\":\"https:\\\/\\\/schema.org\",\"@graph\":[{\"@type\":\"WebPage\",\"@id\":\"https:\\\/\\\/matuile.com\\\/media\\\/nos-valeurs-matuile\\\/\",\"url\":\"https:\\\/\\\/matuile.com\\\/media\\\/nos-valeurs-matuile\\\/\",\"name\":\"Nos valeurs\",\"isPartOf\":{\"@id\":\"https:\\\/\\\/matuile.com\\\/media\\\/#website\"},\"primaryImageOfPage\":{\"@id\":\"https:\\\/\\\/matuile.com\\\/media\\\/nos-valeurs-matuile\\\/#primaryimage\"},\"image\":{\"@id\":\"https:\\\/\\\/matuile.com\\\/media\\\/nos-valeurs-matuile\\\/#primaryimage\"},\"thumbnailUrl\":\"https:\\\/\\\/matuile.com\\\/media\\\/wp-content\\\/uploads\\\/2022\\\/11\\\/pexels-elina-fairytale-4008826-683x1024.jpg\",\"datePublished\":\"2023-04-17T08:05:38+00:00\",\"dateModified\":\"2023-07-10T11:11:44+00:00\",\"description\":\"Notre service consiste \u00e0 apporter une assistance humaine et technique \u00e0 toute personne se trouvant dans une situation urgente \u00e0 g\u00e9rer. Nos valeurs\",\"breadcrumb\":{\"@id\":\"https:\\\/\\\/matuile.com\\\/media\\\/nos-valeurs-matuile\\\/#breadcrumb\"},\"inLanguage\":\"fr-FR\",\"potentialAction\":[{\"@type\":\"ReadAction\",\"target\":[\"https:\\\/\\\/matuile.com\\\/media\\\/nos-valeurs-matuile\\\/\"]}]},{\"@type\":\"ImageObject\",\"inLanguage\":\"fr-FR\",\"@id\":\"https:\\\/\\\/matuile.com\\\/media\\\/nos-valeurs-matuile\\\/#primaryimage\",\"url\":\"https:\\\/\\\/matuile.com\\\/media\\\/wp-content\\\/uploads\\\/2022\\\/11\\\/pexels-elina-fairytale-4008826.jpg\",\"contentUrl\":\"https:\\\/\\\/matuile.com\\\/media\\\/wp-content\\\/uploads\\\/2022\\\/11\\\/pexels-elina-fairytale-4008826.jpg\",\"width\":1280,\"height\":1920},{\"@type\":\"BreadcrumbList\",\"@id\":\"https:\\\/\\\/matuile.com\\\/media\\\/nos-valeurs-matuile\\\/#breadcrumb\",\"itemListElement\":[{\"@type\":\"ListItem\",\"position\":1,\"name\":\"Accueil\",\"item\":\"https:\\\/\\\/matuile.com\\\/media\\\/\"},{\"@type\":\"ListItem\",\"position\":2,\"name\":\"Nos valeurs\"}]},{\"@type\":\"WebSite\",\"@id\":\"https:\\\/\\\/matuile.com\\\/media\\\/#website\",\"url\":\"https:\\\/\\\/matuile.com\\\/media\\\/\",\"name\":\"Matuile Blog\",\"description\":\"La solution \u00e0 votre urgence\",\"publisher\":{\"@id\":\"https:\\\/\\\/matuile.com\\\/media\\\/#organization\"},\"alternateName\":\"Matuile\",\"potentialAction\":[{\"@type\":\"SearchAction\",\"target\":{\"@type\":\"EntryPoint\",\"urlTemplate\":\"https:\\\/\\\/matuile.com\\\/media\\\/?s={search_term_string}\"},\"query-input\":{\"@type\":\"PropertyValueSpecification\",\"valueRequired\":true,\"valueName\":\"search_term_string\"}}],\"inLanguage\":\"fr-FR\"},{\"@type\":\"Organization\",\"@id\":\"https:\\\/\\\/matuile.com\\\/media\\\/#organization\",\"name\":\"Matuile\",\"url\":\"https:\\\/\\\/matuile.com\\\/media\\\/\",\"logo\":{\"@type\":\"ImageObject\",\"inLanguage\":\"fr-FR\",\"@id\":\"https:\\\/\\\/matuile.com\\\/media\\\/#\\\/schema\\\/logo\\\/image\\\/\",\"url\":\"https:\\\/\\\/matuile.com\\\/media\\\/wp-content\\\/uploads\\\/2023\\\/04\\\/Matuile.png\",\"contentUrl\":\"https:\\\/\\\/matuile.com\\\/media\\\/wp-content\\\/uploads\\\/2023\\\/04\\\/Matuile.png\",\"width\":700,\"height\":700,\"caption\":\"Matuile\"},\"image\":{\"@id\":\"https:\\\/\\\/matuile.com\\\/media\\\/#\\\/schema\\\/logo\\\/image\\\/\"}}]}<\/script>\n<!-- \/ Yoast SEO plugin. -->","yoast_head_json":{"title":"Nos valeurs","description":"Notre service consiste \u00e0 apporter une assistance humaine et technique \u00e0 toute personne se trouvant dans une situation urgente \u00e0 g\u00e9rer. Nos valeurs","robots":{"index":"index","follow":"follow","max-snippet":"max-snippet:-1","max-image-preview":"max-image-preview:large","max-video-preview":"max-video-preview:-1"},"canonical":"https:\/\/matuile.com\/media\/nos-valeurs-matuile\/","og_locale":"fr_FR","og_type":"article","og_title":"Nos valeurs","og_description":"Notre service consiste \u00e0 apporter une assistance humaine et technique \u00e0 toute personne se trouvant dans une situation urgente \u00e0 g\u00e9rer. Nos valeurs","og_url":"https:\/\/matuile.com\/media\/nos-valeurs-matuile\/","og_site_name":"Matuile","article_modified_time":"2023-07-10T11:11:44+00:00","og_image":[{"url":"https:\/\/matuile.com\/media\/wp-content\/uploads\/2022\/11\/pexels-elina-fairytale-4008826-683x1024.jpg","type":"","width":"","height":""}],"twitter_card":"summary_large_image","twitter_misc":{"Dur\u00e9e de lecture estim\u00e9e":"2 minutes"},"schema":{"@context":"https:\/\/schema.org","@graph":[{"@type":"WebPage","@id":"https:\/\/matuile.com\/media\/nos-valeurs-matuile\/","url":"https:\/\/matuile.com\/media\/nos-valeurs-matuile\/","name":"Nos valeurs","isPartOf":{"@id":"https:\/\/matuile.com\/media\/#website"},"primaryImageOfPage":{"@id":"https:\/\/matuile.com\/media\/nos-valeurs-matuile\/#primaryimage"},"image":{"@id":"https:\/\/matuile.com\/media\/nos-valeurs-matuile\/#primaryimage"},"thumbnailUrl":"https:\/\/matuile.com\/media\/wp-content\/uploads\/2022\/11\/pexels-elina-fairytale-4008826-683x1024.jpg","datePublished":"2023-04-17T08:05:38+00:00","dateModified":"2023-07-10T11:11:44+00:00","description":"Notre service consiste \u00e0 apporter une assistance humaine et technique \u00e0 toute personne se trouvant dans une situation urgente \u00e0 g\u00e9rer. Nos valeurs","breadcrumb":{"@id":"https:\/\/matuile.com\/media\/nos-valeurs-matuile\/#breadcrumb"},"inLanguage":"fr-FR","potentialAction":[{"@type":"ReadAction","target":["https:\/\/matuile.com\/media\/nos-valeurs-matuile\/"]}]},{"@type":"ImageObject","inLanguage":"fr-FR","@id":"https:\/\/matuile.com\/media\/nos-valeurs-matuile\/#primaryimage","url":"https:\/\/matuile.com\/media\/wp-content\/uploads\/2022\/11\/pexels-elina-fairytale-4008826.jpg","contentUrl":"https:\/\/matuile.com\/media\/wp-content\/uploads\/2022\/11\/pexels-elina-fairytale-4008826.jpg","width":1280,"height":1920},{"@type":"BreadcrumbList","@id":"https:\/\/matuile.com\/media\/nos-valeurs-matuile\/#breadcrumb","itemListElement":[{"@type":"ListItem","position":1,"name":"Accueil","item":"https:\/\/matuile.com\/media\/"},{"@type":"ListItem","position":2,"name":"Nos valeurs"}]},{"@type":"WebSite","@id":"https:\/\/matuile.com\/media\/#website","url":"https:\/\/matuile.com\/media\/","name":"Matuile Blog","description":"La solution \u00e0 votre urgence","publisher":{"@id":"https:\/\/matuile.com\/media\/#organization"},"alternateName":"Matuile","potentialAction":[{"@type":"SearchAction","target":{"@type":"EntryPoint","urlTemplate":"https:\/\/matuile.com\/media\/?s={search_term_string}"},"query-input":{"@type":"PropertyValueSpecification","valueRequired":true,"valueName":"search_term_string"}}],"inLanguage":"fr-FR"},{"@type":"Organization","@id":"https:\/\/matuile.com\/media\/#organization","name":"Matuile","url":"https:\/\/matuile.com\/media\/","logo":{"@type":"ImageObject","inLanguage":"fr-FR","@id":"https:\/\/matuile.com\/media\/#\/schema\/logo\/image\/","url":"https:\/\/matuile.com\/media\/wp-content\/uploads\/2023\/04\/Matuile.png","contentUrl":"https:\/\/matuile.com\/media\/wp-content\/uploads\/2023\/04\/Matuile.png","width":700,"height":700,"caption":"Matuile"},"image":{"@id":"https:\/\/matuile.com\/media\/#\/schema\/logo\/image\/"}}]}},"_links":{"self":[{"href":"https:\/\/matuile.com\/media\/wp-json\/wp\/v2\/pages\/3328","targetHints":{"allow":["GET"]}}],"collection":[{"href":"https:\/\/matuile.com\/media\/wp-json\/wp\/v2\/pages"}],"about":[{"href":"https:\/\/matuile.com\/media\/wp-json\/wp\/v2\/types\/page"}],"author":[{"embeddable":true,"href":"https:\/\/matuile.com\/media\/wp-json\/wp\/v2\/users\/3"}],"replies":[{"embeddable":true,"href":"https:\/\/matuile.com\/media\/wp-json\/wp\/v2\/comments?post=3328"}],"version-history":[{"count":38,"href":"https:\/\/matuile.com\/media\/wp-json\/wp\/v2\/pages\/3328\/revisions"}],"predecessor-version":[{"id":8171,"href":"https:\/\/matuile.com\/media\/wp-json\/wp\/v2\/pages\/3328\/revisions\/8171"}],"wp:attachment":[{"href":"https:\/\/matuile.com\/media\/wp-json\/wp\/v2\/media?parent=3328"}],"curies":[{"name":"wp","href":"https:\/\/api.w.org\/{rel}","templated":true}]}}