{"id":3106,"date":"2023-04-17T10:26:47","date_gmt":"2023-04-17T08:26:47","guid":{"rendered":"https:\/\/matuile.com\/media\/?page_id=3106"},"modified":"2023-07-08T20:23:39","modified_gmt":"2023-07-08T18:23:39","slug":"nos-marques","status":"publish","type":"page","link":"https:\/\/matuile.com\/media\/nos-marques\/","title":{"rendered":"Nos marques"},"content":{"rendered":"<hr class=\"wp-block-separator has-alpha-channel-opacity\"\/><div style=\"height:50px\" aria-hidden=\"true\" class=\"wp-block-spacer\"><\/div><p class=\"has-medium-font-size\">Nos \u00e9l\u00e9ments de marque sont des signe distinctifs qui permettent de nous identifier. Ils refl\u00e8tent nos valeurs et nos engagements.<\/p><div style=\"height:20px\" aria-hidden=\"true\" class=\"wp-block-spacer\"><\/div><p style=\"font-size:30px\">Sommaire<\/p><ul class=\"wp-block-list\"><li><strong><a href=\"#Notre-logo\">Notre logo<\/a><\/strong><\/li>\n\n<li><a href=\"#Nos-marques-commerciales\"><strong>Nos marques commerciales<\/strong><\/a><\/li><\/ul><div style=\"height:50px\" aria-hidden=\"true\" class=\"wp-block-spacer\"><\/div><h1 class=\"wp-block-heading has-text-align-center has-white-color has-text-color has-background\" id=\"Notre-logo\" style=\"background-color:#d86031\"><strong>Notre logo<\/strong><\/h1><div class=\"wp-block-image\"><figure class=\"aligncenter size-large is-resized\"><img decoding=\"async\" src=\"https:\/\/matuile.com\/media\/wp-content\/uploads\/2022\/11\/logo-matuile-1024x1024.png\" alt=\"\" class=\"wp-image-5703\" width=\"512\" height=\"512\" srcset=\"https:\/\/matuile.com\/media\/wp-content\/uploads\/2022\/11\/logo-matuile-1024x1024.png 1024w, https:\/\/matuile.com\/media\/wp-content\/uploads\/2022\/11\/logo-matuile-300x300.png 300w, https:\/\/matuile.com\/media\/wp-content\/uploads\/2022\/11\/logo-matuile-600x600.png 600w, https:\/\/matuile.com\/media\/wp-content\/uploads\/2022\/11\/logo-matuile-150x150.png 150w, https:\/\/matuile.com\/media\/wp-content\/uploads\/2022\/11\/logo-matuile-768x768.png 768w, https:\/\/matuile.com\/media\/wp-content\/uploads\/2022\/11\/logo-matuile-1536x1536.png 1536w, https:\/\/matuile.com\/media\/wp-content\/uploads\/2022\/11\/logo-matuile-2048x2048.png 2048w, https:\/\/matuile.com\/media\/wp-content\/uploads\/2022\/11\/logo-matuile-360x360.png 360w\" sizes=\"(max-width: 512px) 100vw, 512px\" \/><\/figure><\/div><p style=\"font-size:16px;font-style:normal;font-weight:100\"><strong>Notre logo est notre marque iconique. <\/strong>C\u2019est la raison pour laquelle elle a \u00e9t\u00e9 soigneusement pens\u00e9.<\/p><p style=\"font-size:16px;font-style:normal;font-weight:100\"><strong>La forme ronde<\/strong> du logo symbolise le bouclier, cette arme derri\u00e8re laquelle on peut se prot\u00e9ger.<\/p><p style=\"font-size:16px;font-style:normal;font-weight:100\"><strong>Le M<\/strong> de Matuile y est inscrit :<\/p><ul class=\"wp-block-list\" style=\"font-style:normal;font-weight:100\"><li style=\"font-size:16px\">chaque pont de cette lettre symbolise un toit, un refuge o\u00f9 l\u2019on peut se prot\u00e9ger ;<\/li>\n\n<li style=\"font-size:16px\">les deux ponts mettent en relief les deux c\u00f4t\u00e9s d\u2019une charpente comme pour dire \u00ab ensemble, on est plus fort \u00bb.<\/li><\/ul><div style=\"height:20px\" aria-hidden=\"true\" class=\"wp-block-spacer\"><\/div><p style=\"font-size:16px;font-style:normal;font-weight:100\"><strong>La phon\u00e9tique<\/strong>&nbsp;: la lettre \u00ab&nbsp;m&nbsp;\u00bb se prononce de la m\u00eame fa\u00e7on que le verbe \u00ab&nbsp;aime&nbsp;\u00bb, qui indique un sentiment de douceur et de r\u00e9confort.<\/p><p style=\"font-size:16px;font-style:normal;font-weight:100\"><strong>Les couleurs :<\/strong><\/p><ul class=\"wp-block-list\" style=\"font-style:normal;font-weight:100\"><li style=\"font-size:16px\">L\u2019orange est une couleur chaude qui symbolise la capacit\u00e9 \u00e0 ressentir les \u00e9motions et la s\u00e9curit\u00e9. Fonc\u00e9, il exprime le mouvement et la rapidit\u00e9.<\/li>\n\n<li style=\"font-size:16px\">Le blanc symbolise la simplicit\u00e9, l\u2019excellence mais \u00e9galement l\u2019entraide car il permet de mettre en valeur toutes les autres couleurs.<\/li><\/ul><div style=\"height:30px\" aria-hidden=\"true\" class=\"wp-block-spacer\"><\/div><h2 class=\"wp-block-heading has-text-align-center has-text-color\" style=\"color:#0103f9;font-size:30px;font-style:normal;font-weight:700\">Qui peut utiliser le logo et dans quel but ?<\/h2><p style=\"font-size:16px;font-style:normal;font-weight:100\"><strong>Je suis un professionnel agr\u00e9\u00e9 par Matuile, <\/strong>que puis-je faire&nbsp;?<\/p><p style=\"font-size:16px;font-style:normal;font-weight:100\">Vous pouvez utiliser le logo pour promouvoir votre pr\u00e9sence dans le r\u00e9seau Matuile.<\/p><p style=\"font-size:16px;font-style:normal;font-weight:100\">Vous pouvez mettre le logo&nbsp;:<\/p><ul class=\"wp-block-list\" style=\"font-style:normal;font-weight:100\"><li style=\"font-size:16px\">sur votre site internet, par exemple dans la rubrique \u00ab Ils nous font confiance \u00bb ou sous les r\u00e9f\u00e9rences \u00ab partenaires\u00bb ;<\/li>\n\n<li style=\"font-size:16px\">sur vos diff\u00e9rents r\u00e9seaux sociaux ;<\/li>\n\n<li style=\"font-size:16px\">sur vos brochures de pr\u00e9sentation ou vos supports commerciaux&nbsp; d\u00e9di\u00e9s aux r\u00e9f\u00e9rences \u00ab&nbsp;partenaires&nbsp;\u00bb ou \u00ab&nbsp;clients&nbsp;\u00bb : carte de visite, prospectus, banni\u00e8re, vid\u00e9o en ligne, pr\u00e9sentation et conf\u00e9rence.<\/li><\/ul><div style=\"height:30px\" aria-hidden=\"true\" class=\"wp-block-spacer\"><\/div><p style=\"font-size:16px;font-style:normal;font-weight:100\"><strong>Je suis un journaliste, je tiens un blog ou un magazine d\u2019information <\/strong>(Bloggeur, youtubeur, influenceur sur les r\u00e9seaux sociaux),<strong> <\/strong>que puis-je faire&nbsp;?<\/p><p style=\"font-size:16px;font-style:normal;font-weight:100\">Vous pouvez utiliser le logo pour parler de l\u2019entreprise et de ses activit\u00e9s.<\/p><div style=\"height:30px\" aria-hidden=\"true\" class=\"wp-block-spacer\"><\/div><p style=\"font-size:16px;font-style:normal;font-weight:100\"><strong>Pour les autres personnes,<\/strong> vous devez obtenir une autorisation pour l&rsquo;utiliser. <a href=\"https:\/\/matuile.com\/media\/contactez-nous-matuile\/\"><strong>\u00c9crivez-nous<\/strong><\/a> pour faire une demande.<\/p><div style=\"height:30px\" aria-hidden=\"true\" class=\"wp-block-spacer\"><\/div><div class=\"wp-block-buttons is-content-justification-center is-layout-flex wp-container-core-buttons-is-layout-16018d1d wp-block-buttons-is-layout-flex\"><div class=\"wp-block-button is-style-fill\"><a class=\"wp-block-button__link has-background wp-element-button\" href=\"https:\/\/matuile.com\/media\/wp-content\/uploads\/2023\/03\/logo-matuile.zip\" style=\"background-color:#125f8c\">T\u00e9l\u00e9charger le logo<\/a><\/div><\/div><div style=\"height:50px\" aria-hidden=\"true\" class=\"wp-block-spacer\"><\/div><h2 class=\"wp-block-heading has-text-align-center has-text-color\" style=\"color:#0103f9;font-size:30px;font-style:normal;font-weight:700\">Quelques r\u00e8gles d&rsquo;utilisation \u00e0 respecter<\/h2><p style=\"font-size:16px;font-style:normal;font-weight:100\">Vous pouvez utiliser le logo tant que vous respectez les consignes d\u2019utilisation suivantes&nbsp;:<\/p><ul class=\"wp-block-list\" style=\"font-style:normal;font-weight:100\"><li style=\"font-size:16px\">l\u2019utilisation du logo ne doit pas nuire \u00e0 l\u2019image de marque de Matuile&nbsp;;<\/li>\n\n<li style=\"font-size:16px\">le logo ne doit pas \u00eatre associ\u00e9 \u00e0 un contenu n\u00e9gatif, ill\u00e9gal, illicite, contraire \u00e0 l\u2019ordre public, aux bonnes m\u0153urs et aux usages de la vie des affaires&nbsp;;<\/li>\n\n<li style=\"font-size:16px\">le lien hypertexte ins\u00e9r\u00e9 dans le logo doit renvoyer uniquement vers le site <a href=\"https:\/\/www.matuile.com\">https:\/\/www.matuile.com<\/a>&nbsp;;<\/li>\n\n<li style=\"font-size:16px\">le logo ne peut pas \u00eatre utilis\u00e9 d\u2019une mani\u00e8re fausse ou trompeuse susceptible de semer la confusion aupr\u00e8s du public en faisant croire \u00e0 un quelconque soutien ou parrainage de Matuile \u00e0 une personne, professionnel ou organisme qui n\u2019en serait pas titulaire ;<\/li>\n\n<li style=\"font-size:16px\">le logo doit rester discret et accessoire : il ne doit pas \u00eatre la caract\u00e9ristique principale du contenu et ne doit pas \u00eatre mis en avant pour laisser \u00e0 penser \u00e0 un quelconque parrainage ou approbation de celui-ci par Matuile.<\/li><\/ul><div style=\"height:20px\" aria-hidden=\"true\" class=\"wp-block-spacer\"><\/div><p style=\"font-size:16px;font-style:normal;font-weight:100\"><strong>Nous aimons notre logo tel qu\u2019il est&nbsp;!<\/strong> C\u2019est la raison pour laquelle nous vous indiquons quelques r\u00e8gles \u00e0 respecter pour son utilisation&nbsp;:<\/p><ul class=\"wp-block-list\" style=\"font-style:normal;font-weight:100\"><li style=\"font-size:16px\"><strong>l\u2019int\u00e9grit\u00e9 : <\/strong>le logo ne doit pas \u00eatre modifi\u00e9. Aucun ajout, modification ou suppression ne peut lui \u00eatre fait ;<\/li>\n\n<li style=\"font-size:16px\"><strong>l\u2019environnement du logo<\/strong> : il doit y avoir suffisamment d\u2019espace libre entre le logo et les autres \u00e9l\u00e9ments graphiques l\u2019entourant afin qu\u2019il puisse \u00eatre visible ;<\/li>\n\n<li style=\"font-size:16px\"><strong>la taille <\/strong>: elle doit \u00eatre suffisante pour que le logo soit lisible. Il peut \u00eatre utilis\u00e9 seul ou avec d\u2019autres logos. Dans ce cas, il doit \u00eatre de la m\u00eame taille que les autres ;<\/li>\n\n<li style=\"font-size:16px\"><strong>les couleurs <\/strong>: les couleurs du logo sont l\u2019orange (#D86031) et le blanc (#FFFFFF). S\u2019il est difficile de voir le logo sur le fond que vous utilisez, vous pouvez utiliser une version monochrome du logo&nbsp;: blanc ou noir.<\/li><\/ul><div style=\"height:50px\" aria-hidden=\"true\" class=\"wp-block-spacer\"><\/div><div style=\"height:25px\" aria-hidden=\"true\" class=\"wp-block-spacer\"><\/div><h1 class=\"wp-block-heading has-text-align-center has-white-color has-text-color has-background\" id=\"Nos-marques-commerciales\" style=\"background-color:#d86031\"><strong>Nos marques commerciales<\/strong><\/h1><div style=\"height:25px\" aria-hidden=\"true\" class=\"wp-block-spacer\"><\/div><p style=\"font-size:16px;font-style:normal;font-weight:100\">Matuile s\u2019appuie sur deux marques pour offrir \u00e0 ses utilisateurs la solution d\u2019urgence la plus rapide et la plus innovante.<\/p><div style=\"height:50px\" aria-hidden=\"true\" class=\"wp-block-spacer\"><\/div><div class=\"wp-block-image\"><figure class=\"aligncenter size-large is-resized\"><img decoding=\"async\" src=\"https:\/\/matuile.com\/media\/wp-content\/uploads\/2022\/10\/Logo-matuile-la-solution-a-votre-urgence.psb_-1024x352.png\" alt=\"Marque Matuile\" class=\"wp-image-3224\" width=\"512\" height=\"176\" srcset=\"https:\/\/matuile.com\/media\/wp-content\/uploads\/2022\/10\/Logo-matuile-la-solution-a-votre-urgence.psb_-1024x352.png 1024w, https:\/\/matuile.com\/media\/wp-content\/uploads\/2022\/10\/Logo-matuile-la-solution-a-votre-urgence.psb_-600x206.png 600w, https:\/\/matuile.com\/media\/wp-content\/uploads\/2022\/10\/Logo-matuile-la-solution-a-votre-urgence.psb_-300x103.png 300w, https:\/\/matuile.com\/media\/wp-content\/uploads\/2022\/10\/Logo-matuile-la-solution-a-votre-urgence.psb_-768x264.png 768w, https:\/\/matuile.com\/media\/wp-content\/uploads\/2022\/10\/Logo-matuile-la-solution-a-votre-urgence.psb_-1536x528.png 1536w, https:\/\/matuile.com\/media\/wp-content\/uploads\/2022\/10\/Logo-matuile-la-solution-a-votre-urgence.psb_-360x124.png 360w, https:\/\/matuile.com\/media\/wp-content\/uploads\/2022\/10\/Logo-matuile-la-solution-a-votre-urgence.psb_.png 1974w\" sizes=\"(max-width: 512px) 100vw, 512px\" \/><\/figure><\/div><div style=\"height:25px\" aria-hidden=\"true\" class=\"wp-block-spacer\"><\/div><div class=\"wp-block-image\"><figure class=\"aligncenter size-large is-resized\"><img decoding=\"async\" src=\"https:\/\/matuile.com\/media\/wp-content\/uploads\/2022\/10\/Logo-matuile-PRO-1-1024x352.png\" alt=\"Marque Matuile PRO\" class=\"wp-image-3227\" width=\"512\" height=\"176\" srcset=\"https:\/\/matuile.com\/media\/wp-content\/uploads\/2022\/10\/Logo-matuile-PRO-1-1024x352.png 1024w, https:\/\/matuile.com\/media\/wp-content\/uploads\/2022\/10\/Logo-matuile-PRO-1-600x206.png 600w, https:\/\/matuile.com\/media\/wp-content\/uploads\/2022\/10\/Logo-matuile-PRO-1-300x103.png 300w, https:\/\/matuile.com\/media\/wp-content\/uploads\/2022\/10\/Logo-matuile-PRO-1-768x264.png 768w, https:\/\/matuile.com\/media\/wp-content\/uploads\/2022\/10\/Logo-matuile-PRO-1-1536x528.png 1536w, https:\/\/matuile.com\/media\/wp-content\/uploads\/2022\/10\/Logo-matuile-PRO-1-360x124.png 360w, https:\/\/matuile.com\/media\/wp-content\/uploads\/2022\/10\/Logo-matuile-PRO-1.png 1974w\" sizes=\"(max-width: 512px) 100vw, 512px\" \/><\/figure><\/div><div style=\"height:25px\" aria-hidden=\"true\" class=\"wp-block-spacer\"><\/div><p style=\"font-size:16px;font-style:normal;font-weight:100\"><strong>La presse<\/strong> peut utiliser ces marques pour parler de l\u2019entreprise et de ses activit\u00e9s. Les r\u00e8gles d\u2019utilisation sont les m\u00eames que pr\u00e9c\u00e9demment.<\/p><p style=\"font-size:16px;font-style:normal;font-weight:100\"><strong>En dehors de la presse<\/strong>, vous devez demander une autorisation pour les utiliser. <a href=\"https:\/\/matuile.com\/media\/contactez-nous-matuile\/\"><strong>\u00c9crivez-nous<\/strong><\/a> pour faire une demande.<\/p><div style=\"height:50px\" aria-hidden=\"true\" class=\"wp-block-spacer\"><\/div><div class=\"wp-block-buttons is-content-justification-center is-layout-flex wp-container-core-buttons-is-layout-16018d1d wp-block-buttons-is-layout-flex\"><div class=\"wp-block-button is-style-fill\"><a class=\"wp-block-button__link has-background wp-element-button\" href=\"https:\/\/matuile.com\/media\/wp-content\/uploads\/2023\/03\/marque-matuile.zip\" style=\"background-color:#125f8c\">T\u00e9l\u00e9charger les marques<\/a><\/div><\/div><div style=\"height:70px\" aria-hidden=\"true\" class=\"wp-block-spacer\"><\/div><h1 class=\"wp-block-heading has-text-align-center has-white-color has-text-color has-background\" style=\"background-color:#d86031\"><strong>IMPORTANT<\/strong><\/h1><div style=\"height:25px\" aria-hidden=\"true\" class=\"wp-block-spacer\"><\/div><p style=\"font-size:16px;font-style:normal;font-weight:100\">Tous les droits sur ces \u00e9l\u00e9ments de marque sont la propri\u00e9t\u00e9 exclusive de Matuile.<\/p><p style=\"font-size:16px;font-style:normal;font-weight:100\">Si les r\u00e8gles \u00e9dict\u00e9es ne sont pas respect\u00e9es, une demande de suppression ou une proc\u00e9dure judiciaire peut \u00eatre engag\u00e9e.<\/p><p style=\"font-size:16px;font-style:normal;font-weight:100\">Matuile se r\u00e9serve le droit de modifier \u00e0 sa seule discr\u00e9tion et \u00e0 tout moment ce guide d\u2019utilisation.<\/p>","protected":false},"excerpt":{"rendered":"<p>Nos \u00e9l\u00e9ments de marque sont des signe distinctifs qui permettent de nous identifier. Ils refl\u00e8tent nos valeurs et nos engagements. Sommaire Notre&#8230;<\/p>\n","protected":false},"author":3,"featured_media":0,"parent":0,"menu_order":0,"comment_status":"closed","ping_status":"closed","template":"","meta":{"inline_featured_image":false,"footnotes":""},"class_list":["post-3106","page","type-page","status-publish"],"acf":[],"yoast_head":"<!-- This site is optimized with the Yoast SEO plugin v27.6 - https:\/\/yoast.com\/product\/yoast-seo-wordpress\/ -->\n<title>Nos marques - Matuile<\/title>\n<meta name=\"description\" content=\"Nos \u00e9l\u00e9ments de marque sont des signes distinctifs qui permettent de nous identifier. Ils refl\u00e8tent nos valeurs et nos engagements.\" \/>\n<meta name=\"robots\" content=\"index, follow, max-snippet:-1, max-image-preview:large, max-video-preview:-1\" \/>\n<link rel=\"canonical\" href=\"https:\/\/matuile.com\/media\/nos-marques\/\" \/>\n<meta property=\"og:locale\" content=\"fr_FR\" \/>\n<meta property=\"og:type\" content=\"article\" \/>\n<meta property=\"og:title\" content=\"Nos marques - Matuile\" \/>\n<meta property=\"og:description\" content=\"Nos \u00e9l\u00e9ments de marque sont des signes distinctifs qui permettent de nous identifier. Ils refl\u00e8tent nos valeurs et nos engagements.\" \/>\n<meta property=\"og:url\" content=\"https:\/\/matuile.com\/media\/nos-marques\/\" \/>\n<meta property=\"og:site_name\" content=\"Matuile\" \/>\n<meta property=\"article:modified_time\" content=\"2023-07-08T18:23:39+00:00\" \/>\n<meta property=\"og:image\" content=\"https:\/\/matuile.com\/media\/wp-content\/uploads\/2022\/11\/logo-matuile-1024x1024.png\" \/>\n<meta name=\"twitter:card\" content=\"summary_large_image\" \/>\n<meta name=\"twitter:label1\" content=\"Dur\u00e9e de lecture estim\u00e9e\" \/>\n\t<meta name=\"twitter:data1\" content=\"5 minutes\" \/>\n<script type=\"application\/ld+json\" class=\"yoast-schema-graph\">{\"@context\":\"https:\\\/\\\/schema.org\",\"@graph\":[{\"@type\":\"WebPage\",\"@id\":\"https:\\\/\\\/matuile.com\\\/media\\\/nos-marques\\\/\",\"url\":\"https:\\\/\\\/matuile.com\\\/media\\\/nos-marques\\\/\",\"name\":\"Nos marques - Matuile\",\"isPartOf\":{\"@id\":\"https:\\\/\\\/matuile.com\\\/media\\\/#website\"},\"primaryImageOfPage\":{\"@id\":\"https:\\\/\\\/matuile.com\\\/media\\\/nos-marques\\\/#primaryimage\"},\"image\":{\"@id\":\"https:\\\/\\\/matuile.com\\\/media\\\/nos-marques\\\/#primaryimage\"},\"thumbnailUrl\":\"https:\\\/\\\/matuile.com\\\/media\\\/wp-content\\\/uploads\\\/2022\\\/11\\\/logo-matuile-1024x1024.png\",\"datePublished\":\"2023-04-17T08:26:47+00:00\",\"dateModified\":\"2023-07-08T18:23:39+00:00\",\"description\":\"Nos \u00e9l\u00e9ments de marque sont des signes distinctifs qui permettent de nous identifier. Ils refl\u00e8tent nos valeurs et nos engagements.\",\"breadcrumb\":{\"@id\":\"https:\\\/\\\/matuile.com\\\/media\\\/nos-marques\\\/#breadcrumb\"},\"inLanguage\":\"fr-FR\",\"potentialAction\":[{\"@type\":\"ReadAction\",\"target\":[\"https:\\\/\\\/matuile.com\\\/media\\\/nos-marques\\\/\"]}]},{\"@type\":\"ImageObject\",\"inLanguage\":\"fr-FR\",\"@id\":\"https:\\\/\\\/matuile.com\\\/media\\\/nos-marques\\\/#primaryimage\",\"url\":\"https:\\\/\\\/matuile.com\\\/media\\\/wp-content\\\/uploads\\\/2022\\\/11\\\/logo-matuile.png\",\"contentUrl\":\"https:\\\/\\\/matuile.com\\\/media\\\/wp-content\\\/uploads\\\/2022\\\/11\\\/logo-matuile.png\",\"width\":5000,\"height\":5000},{\"@type\":\"BreadcrumbList\",\"@id\":\"https:\\\/\\\/matuile.com\\\/media\\\/nos-marques\\\/#breadcrumb\",\"itemListElement\":[{\"@type\":\"ListItem\",\"position\":1,\"name\":\"Accueil\",\"item\":\"https:\\\/\\\/matuile.com\\\/media\\\/\"},{\"@type\":\"ListItem\",\"position\":2,\"name\":\"Nos marques\"}]},{\"@type\":\"WebSite\",\"@id\":\"https:\\\/\\\/matuile.com\\\/media\\\/#website\",\"url\":\"https:\\\/\\\/matuile.com\\\/media\\\/\",\"name\":\"Matuile Blog\",\"description\":\"La solution \u00e0 votre urgence\",\"publisher\":{\"@id\":\"https:\\\/\\\/matuile.com\\\/media\\\/#organization\"},\"alternateName\":\"Matuile\",\"potentialAction\":[{\"@type\":\"SearchAction\",\"target\":{\"@type\":\"EntryPoint\",\"urlTemplate\":\"https:\\\/\\\/matuile.com\\\/media\\\/?s={search_term_string}\"},\"query-input\":{\"@type\":\"PropertyValueSpecification\",\"valueRequired\":true,\"valueName\":\"search_term_string\"}}],\"inLanguage\":\"fr-FR\"},{\"@type\":\"Organization\",\"@id\":\"https:\\\/\\\/matuile.com\\\/media\\\/#organization\",\"name\":\"Matuile\",\"url\":\"https:\\\/\\\/matuile.com\\\/media\\\/\",\"logo\":{\"@type\":\"ImageObject\",\"inLanguage\":\"fr-FR\",\"@id\":\"https:\\\/\\\/matuile.com\\\/media\\\/#\\\/schema\\\/logo\\\/image\\\/\",\"url\":\"https:\\\/\\\/matuile.com\\\/media\\\/wp-content\\\/uploads\\\/2023\\\/04\\\/Matuile.png\",\"contentUrl\":\"https:\\\/\\\/matuile.com\\\/media\\\/wp-content\\\/uploads\\\/2023\\\/04\\\/Matuile.png\",\"width\":700,\"height\":700,\"caption\":\"Matuile\"},\"image\":{\"@id\":\"https:\\\/\\\/matuile.com\\\/media\\\/#\\\/schema\\\/logo\\\/image\\\/\"}}]}<\/script>\n<!-- \/ Yoast SEO plugin. -->","yoast_head_json":{"title":"Nos marques - Matuile","description":"Nos \u00e9l\u00e9ments de marque sont des signes distinctifs qui permettent de nous identifier. Ils refl\u00e8tent nos valeurs et nos engagements.","robots":{"index":"index","follow":"follow","max-snippet":"max-snippet:-1","max-image-preview":"max-image-preview:large","max-video-preview":"max-video-preview:-1"},"canonical":"https:\/\/matuile.com\/media\/nos-marques\/","og_locale":"fr_FR","og_type":"article","og_title":"Nos marques - Matuile","og_description":"Nos \u00e9l\u00e9ments de marque sont des signes distinctifs qui permettent de nous identifier. Ils refl\u00e8tent nos valeurs et nos engagements.","og_url":"https:\/\/matuile.com\/media\/nos-marques\/","og_site_name":"Matuile","article_modified_time":"2023-07-08T18:23:39+00:00","og_image":[{"url":"https:\/\/matuile.com\/media\/wp-content\/uploads\/2022\/11\/logo-matuile-1024x1024.png","type":"","width":"","height":""}],"twitter_card":"summary_large_image","twitter_misc":{"Dur\u00e9e de lecture estim\u00e9e":"5 minutes"},"schema":{"@context":"https:\/\/schema.org","@graph":[{"@type":"WebPage","@id":"https:\/\/matuile.com\/media\/nos-marques\/","url":"https:\/\/matuile.com\/media\/nos-marques\/","name":"Nos marques - Matuile","isPartOf":{"@id":"https:\/\/matuile.com\/media\/#website"},"primaryImageOfPage":{"@id":"https:\/\/matuile.com\/media\/nos-marques\/#primaryimage"},"image":{"@id":"https:\/\/matuile.com\/media\/nos-marques\/#primaryimage"},"thumbnailUrl":"https:\/\/matuile.com\/media\/wp-content\/uploads\/2022\/11\/logo-matuile-1024x1024.png","datePublished":"2023-04-17T08:26:47+00:00","dateModified":"2023-07-08T18:23:39+00:00","description":"Nos \u00e9l\u00e9ments de marque sont des signes distinctifs qui permettent de nous identifier. Ils refl\u00e8tent nos valeurs et nos engagements.","breadcrumb":{"@id":"https:\/\/matuile.com\/media\/nos-marques\/#breadcrumb"},"inLanguage":"fr-FR","potentialAction":[{"@type":"ReadAction","target":["https:\/\/matuile.com\/media\/nos-marques\/"]}]},{"@type":"ImageObject","inLanguage":"fr-FR","@id":"https:\/\/matuile.com\/media\/nos-marques\/#primaryimage","url":"https:\/\/matuile.com\/media\/wp-content\/uploads\/2022\/11\/logo-matuile.png","contentUrl":"https:\/\/matuile.com\/media\/wp-content\/uploads\/2022\/11\/logo-matuile.png","width":5000,"height":5000},{"@type":"BreadcrumbList","@id":"https:\/\/matuile.com\/media\/nos-marques\/#breadcrumb","itemListElement":[{"@type":"ListItem","position":1,"name":"Accueil","item":"https:\/\/matuile.com\/media\/"},{"@type":"ListItem","position":2,"name":"Nos marques"}]},{"@type":"WebSite","@id":"https:\/\/matuile.com\/media\/#website","url":"https:\/\/matuile.com\/media\/","name":"Matuile Blog","description":"La solution \u00e0 votre urgence","publisher":{"@id":"https:\/\/matuile.com\/media\/#organization"},"alternateName":"Matuile","potentialAction":[{"@type":"SearchAction","target":{"@type":"EntryPoint","urlTemplate":"https:\/\/matuile.com\/media\/?s={search_term_string}"},"query-input":{"@type":"PropertyValueSpecification","valueRequired":true,"valueName":"search_term_string"}}],"inLanguage":"fr-FR"},{"@type":"Organization","@id":"https:\/\/matuile.com\/media\/#organization","name":"Matuile","url":"https:\/\/matuile.com\/media\/","logo":{"@type":"ImageObject","inLanguage":"fr-FR","@id":"https:\/\/matuile.com\/media\/#\/schema\/logo\/image\/","url":"https:\/\/matuile.com\/media\/wp-content\/uploads\/2023\/04\/Matuile.png","contentUrl":"https:\/\/matuile.com\/media\/wp-content\/uploads\/2023\/04\/Matuile.png","width":700,"height":700,"caption":"Matuile"},"image":{"@id":"https:\/\/matuile.com\/media\/#\/schema\/logo\/image\/"}}]}},"_links":{"self":[{"href":"https:\/\/matuile.com\/media\/wp-json\/wp\/v2\/pages\/3106","targetHints":{"allow":["GET"]}}],"collection":[{"href":"https:\/\/matuile.com\/media\/wp-json\/wp\/v2\/pages"}],"about":[{"href":"https:\/\/matuile.com\/media\/wp-json\/wp\/v2\/types\/page"}],"author":[{"embeddable":true,"href":"https:\/\/matuile.com\/media\/wp-json\/wp\/v2\/users\/3"}],"replies":[{"embeddable":true,"href":"https:\/\/matuile.com\/media\/wp-json\/wp\/v2\/comments?post=3106"}],"version-history":[{"count":86,"href":"https:\/\/matuile.com\/media\/wp-json\/wp\/v2\/pages\/3106\/revisions"}],"predecessor-version":[{"id":13510,"href":"https:\/\/matuile.com\/media\/wp-json\/wp\/v2\/pages\/3106\/revisions\/13510"}],"wp:attachment":[{"href":"https:\/\/matuile.com\/media\/wp-json\/wp\/v2\/media?parent=3106"}],"curies":[{"name":"wp","href":"https:\/\/api.w.org\/{rel}","templated":true}]}}