{"id":3092,"date":"2023-04-17T10:19:23","date_gmt":"2023-04-17T08:19:23","guid":{"rendered":"https:\/\/matuile.com\/media\/?page_id=3092"},"modified":"2023-05-15T14:41:28","modified_gmt":"2023-05-15T12:41:28","slug":"pourquoi-ce-nom-matuile","status":"publish","type":"page","link":"https:\/\/matuile.com\/media\/pourquoi-ce-nom-matuile\/","title":{"rendered":"Pourquoi ce nom \u00ab\u00a0Matuile\u00a0\u00bb ?"},"content":{"rendered":"<hr class=\"wp-block-separator has-alpha-channel-opacity\"\/><div style=\"height:50px\" aria-hidden=\"true\" class=\"wp-block-spacer\"><\/div><div class=\"wp-block-image\"><figure class=\"aligncenter size-medium\"><img decoding=\"async\" width=\"300\" height=\"73\" src=\"https:\/\/matuile.com\/media\/wp-content\/uploads\/2022\/10\/Matuile-la-solution-a-votre-urgence-300x73.png\" alt=\"Matuile, la solution \u00e0 votre urgence\" class=\"wp-image-3241\" srcset=\"https:\/\/matuile.com\/media\/wp-content\/uploads\/2022\/10\/Matuile-la-solution-a-votre-urgence-300x73.png 300w, https:\/\/matuile.com\/media\/wp-content\/uploads\/2022\/10\/Matuile-la-solution-a-votre-urgence-600x145.png 600w, https:\/\/matuile.com\/media\/wp-content\/uploads\/2022\/10\/Matuile-la-solution-a-votre-urgence-1024x248.png 1024w, https:\/\/matuile.com\/media\/wp-content\/uploads\/2022\/10\/Matuile-la-solution-a-votre-urgence-768x186.png 768w, https:\/\/matuile.com\/media\/wp-content\/uploads\/2022\/10\/Matuile-la-solution-a-votre-urgence-1536x372.png 1536w, https:\/\/matuile.com\/media\/wp-content\/uploads\/2022\/10\/Matuile-la-solution-a-votre-urgence-2048x496.png 2048w, https:\/\/matuile.com\/media\/wp-content\/uploads\/2022\/10\/Matuile-la-solution-a-votre-urgence-360x87.png 360w\" sizes=\"(max-width: 300px) 100vw, 300px\" \/><\/figure><\/div><div style=\"height:50px\" aria-hidden=\"true\" class=\"wp-block-spacer\"><\/div><p style=\"font-size:16px;font-style:normal;font-weight:100\">Ce nom on l\u2019a cherch\u00e9 pendant longtemps&nbsp;!<\/p><p style=\"font-size:16px;font-style:normal;font-weight:100\">On y a pass\u00e9 des jours et des nuits.<\/p><p style=\"font-size:16px;font-style:normal;font-weight:100\">On voulait un nom qui puisse identifier notre mission, notre but. Quelque chose qui puisse se retenir facilement et parler \u00e0 tout le monde.<\/p><p style=\"font-size:16px;font-style:normal;font-weight:100\">Plus facile \u00e0 dire qu\u2019\u00e0 faire&nbsp;!<\/p><p style=\"font-size:16px;font-style:normal;font-weight:100\">On a pass\u00e9 en revue des dizaines et des dizaines de noms. Il manquait \u00e0 chaque fois ce quelque chose qui ferait de ce nom une \u00e9vidence.<\/p><p style=\"font-size:16px;font-style:normal;font-weight:100\">On a souvent \u00e9chou\u00e9 dans notre recherche. Nous \u00e9tions bloqu\u00e9s. Comment proposer un service de qualit\u00e9 en n\u00e9gligeant le nom qui y serait associ\u00e9&nbsp;?<\/p><p style=\"font-size:16px;font-style:normal;font-weight:100\">Impossible&nbsp;!<\/p><p style=\"font-size:16px;font-style:normal;font-weight:100\">Alors on a tout mis sur la table. Il nous fallait une m\u00e9thode et retourner aux fondamentaux.<\/p><p style=\"font-size:16px;font-style:normal;font-weight:100\">On est reparti de z\u00e9ro. On s\u2019est souvenu de toutes nos exp\u00e9riences et on s\u2019est pos\u00e9 plusieurs questions :<\/p><p style=\"font-size:16px;font-style:normal;font-weight:100\">Quelles sont les origines de cette entreprise&nbsp;?<\/p><p style=\"font-size:16px;font-style:normal;font-weight:100\">Quelles sont ses valeurs ?<\/p><p style=\"font-size:16px;font-style:normal;font-weight:100\">Quels services nous voulons proposer&nbsp;? Pour qui&nbsp;? Comment&nbsp;?<\/p><p style=\"font-size:16px;font-style:normal;font-weight:100\">Les origines de l\u2019entreprise on les a en nous&nbsp;! C\u2019est le fruit de nos m\u00e9saventures, d\u2019arnaques subies et de la frustration de ne pas savoir qui appeler quand la gal\u00e8re pointe le bout de son nez. C\u2019est le fait de gal\u00e9rer qui nous a pouss\u00e9 \u00e0 sortir de notre zone de confort et \u00e0 chercher une solution pour pouvoir \u00e9viter toutes ces mauvaises exp\u00e9riences.<\/p><p style=\"font-size:16px;font-style:normal;font-weight:100\">Nos valeurs on les puisent de nos frustrations. On en avait marre de ne pas pouvoir faire confiance. On en avait marre de ne pas toujours avoir la qualit\u00e9 attendue. On en avait marre de se faire avoir. On en avait marre de ne jamais trouver un pro disponible quand on en avait besoin. On en avait marre de subir !<\/p><p style=\"font-size:16px;font-style:normal;font-weight:100\">Ce que l\u2019on veut proposer&nbsp;? Un service de qualit\u00e9 en situation d\u2019urgence. Permettre \u00e0 tout le monde de trouver un pro de qualit\u00e9 quand il en a besoin en urgence. C\u2019est facile de chercher quand on a le temps de comparer, d\u2019\u00e9tudier et de se faire un avis. Mais quand la situation n\u00e9cessite une r\u00e9ponse imm\u00e9diate on fait comment&nbsp;? Quand on a besoin d\u2019un serrurier ou de consulter un avocat tout de suite&nbsp;? Comment fait-on quand on n\u2019a pas le temps de comparer ou de chercher&nbsp;? La r\u00e9ponse on doit l\u2019avoir sur le champ et elle doit \u00eatre de qualit\u00e9&nbsp;!<\/p><p style=\"font-size:16px;font-style:normal;font-weight:100\">Un jour Ivry me contacte. Il a eu une r\u00e9v\u00e9lation. Un mot venait de se r\u00e9v\u00e9ler \u00e0 lui et qui r\u00e9pondait \u00e0 tous nos crit\u00e8res.<\/p><p style=\"font-size:16px;font-style:normal;font-weight:100\">Un seul mot qui peut exprimer tant de choses&nbsp;!<\/p><p style=\"font-size:16px;font-style:normal;font-weight:100\"><span style=\"color: #d86031;\"><strong>TUILE&nbsp;!<\/strong><\/span><\/p><p style=\"font-size:16px;font-style:normal;font-weight:100\">C\u2019est une expression bien de chez nous&nbsp;: avoir une tuile&nbsp;!<\/p><p style=\"font-size:16px;font-style:normal;font-weight:100\">Elle d\u00e9finit si bien le fait d\u2019avoir une gal\u00e8re.<\/p><p style=\"font-size:16px;font-style:normal;font-weight:100\">Une gal\u00e8re qui nous est si propre et qui nous colle \u00e0 la peau.<\/p><p style=\"font-size:16px;font-style:normal;font-weight:100\">On d\u00e9cide alors de la personnaliser, c\u2019est <span style=\"color: #d86031;\"><strong><u>ma tuile<\/u><\/strong><\/span> et pas celle d\u2019un autre&nbsp;!<\/p><p style=\"font-size:16px;font-style:normal;font-weight:100\">Le nom \u00e9tait trouv\u00e9&nbsp;!<\/p><p style=\"font-size:16px;font-style:normal;font-weight:100\">L\u2019aventure <span style=\"color: #d86031;\"><strong>Matuile<\/strong><\/span> \u00e9tait lanc\u00e9e.<\/p><p style=\"font-size:16px;font-style:normal;font-weight:100\">J\u00e9r\u00e9mie, co-fondateur de Matuile<\/p>","protected":false},"excerpt":{"rendered":"<p>Ce nom on l\u2019a cherch\u00e9 pendant longtemps&nbsp;! On y a pass\u00e9 des jours et des nuits. On voulait un nom qui puisse&#8230;<\/p>\n","protected":false},"author":3,"featured_media":0,"parent":0,"menu_order":0,"comment_status":"closed","ping_status":"closed","template":"","meta":{"inline_featured_image":false,"footnotes":""},"class_list":["post-3092","page","type-page","status-publish"],"acf":[],"yoast_head":"<!-- This site is optimized with the Yoast SEO plugin v27.5 - https:\/\/yoast.com\/product\/yoast-seo-wordpress\/ -->\n<title>Pourquoi ce nom &quot;Matuile&quot; ?<\/title>\n<meta name=\"description\" content=\"Pourquoi ce nom &quot;Matuile&quot; ? On voulait un nom qui symbolise notre service, un nom qui fait sens. D\u00e9couvrez l&#039;histoire de ce nom !\" \/>\n<meta name=\"robots\" content=\"index, follow, max-snippet:-1, max-image-preview:large, max-video-preview:-1\" \/>\n<link rel=\"canonical\" href=\"https:\/\/matuile.com\/media\/pourquoi-ce-nom-matuile\/\" \/>\n<meta property=\"og:locale\" content=\"fr_FR\" \/>\n<meta property=\"og:type\" content=\"article\" \/>\n<meta property=\"og:title\" content=\"Pourquoi ce nom &quot;Matuile&quot; ?\" \/>\n<meta property=\"og:description\" content=\"Pourquoi ce nom &quot;Matuile&quot; ? On voulait un nom qui symbolise notre service, un nom qui fait sens. D\u00e9couvrez l&#039;histoire de ce nom !\" \/>\n<meta property=\"og:url\" content=\"https:\/\/matuile.com\/media\/pourquoi-ce-nom-matuile\/\" \/>\n<meta property=\"og:site_name\" content=\"Matuile\" \/>\n<meta property=\"article:modified_time\" content=\"2023-05-15T12:41:28+00:00\" \/>\n<meta property=\"og:image\" content=\"https:\/\/matuile.com\/media\/wp-content\/uploads\/2022\/10\/Matuile-la-solution-a-votre-urgence-300x73.png\" \/>\n<meta name=\"twitter:card\" content=\"summary_large_image\" \/>\n<meta name=\"twitter:label1\" content=\"Dur\u00e9e de lecture estim\u00e9e\" \/>\n\t<meta name=\"twitter:data1\" content=\"3 minutes\" \/>\n<script type=\"application\/ld+json\" class=\"yoast-schema-graph\">{\"@context\":\"https:\\\/\\\/schema.org\",\"@graph\":[{\"@type\":\"WebPage\",\"@id\":\"https:\\\/\\\/matuile.com\\\/media\\\/pourquoi-ce-nom-matuile\\\/\",\"url\":\"https:\\\/\\\/matuile.com\\\/media\\\/pourquoi-ce-nom-matuile\\\/\",\"name\":\"Pourquoi ce nom \\\"Matuile\\\" ?\",\"isPartOf\":{\"@id\":\"https:\\\/\\\/matuile.com\\\/media\\\/#website\"},\"primaryImageOfPage\":{\"@id\":\"https:\\\/\\\/matuile.com\\\/media\\\/pourquoi-ce-nom-matuile\\\/#primaryimage\"},\"image\":{\"@id\":\"https:\\\/\\\/matuile.com\\\/media\\\/pourquoi-ce-nom-matuile\\\/#primaryimage\"},\"thumbnailUrl\":\"https:\\\/\\\/matuile.com\\\/media\\\/wp-content\\\/uploads\\\/2022\\\/10\\\/Matuile-la-solution-a-votre-urgence-300x73.png\",\"datePublished\":\"2023-04-17T08:19:23+00:00\",\"dateModified\":\"2023-05-15T12:41:28+00:00\",\"description\":\"Pourquoi ce nom \\\"Matuile\\\" ? On voulait un nom qui symbolise notre service, un nom qui fait sens. D\u00e9couvrez l'histoire de ce nom !\",\"breadcrumb\":{\"@id\":\"https:\\\/\\\/matuile.com\\\/media\\\/pourquoi-ce-nom-matuile\\\/#breadcrumb\"},\"inLanguage\":\"fr-FR\",\"potentialAction\":[{\"@type\":\"ReadAction\",\"target\":[\"https:\\\/\\\/matuile.com\\\/media\\\/pourquoi-ce-nom-matuile\\\/\"]}]},{\"@type\":\"ImageObject\",\"inLanguage\":\"fr-FR\",\"@id\":\"https:\\\/\\\/matuile.com\\\/media\\\/pourquoi-ce-nom-matuile\\\/#primaryimage\",\"url\":\"https:\\\/\\\/matuile.com\\\/media\\\/wp-content\\\/uploads\\\/2022\\\/10\\\/Matuile-la-solution-a-votre-urgence.png\",\"contentUrl\":\"https:\\\/\\\/matuile.com\\\/media\\\/wp-content\\\/uploads\\\/2022\\\/10\\\/Matuile-la-solution-a-votre-urgence.png\",\"width\":2774,\"height\":672},{\"@type\":\"BreadcrumbList\",\"@id\":\"https:\\\/\\\/matuile.com\\\/media\\\/pourquoi-ce-nom-matuile\\\/#breadcrumb\",\"itemListElement\":[{\"@type\":\"ListItem\",\"position\":1,\"name\":\"Accueil\",\"item\":\"https:\\\/\\\/matuile.com\\\/media\\\/\"},{\"@type\":\"ListItem\",\"position\":2,\"name\":\"Pourquoi ce nom \u00ab\u00a0Matuile\u00a0\u00bb ?\"}]},{\"@type\":\"WebSite\",\"@id\":\"https:\\\/\\\/matuile.com\\\/media\\\/#website\",\"url\":\"https:\\\/\\\/matuile.com\\\/media\\\/\",\"name\":\"Matuile Blog\",\"description\":\"La solution \u00e0 votre urgence\",\"publisher\":{\"@id\":\"https:\\\/\\\/matuile.com\\\/media\\\/#organization\"},\"alternateName\":\"Matuile\",\"potentialAction\":[{\"@type\":\"SearchAction\",\"target\":{\"@type\":\"EntryPoint\",\"urlTemplate\":\"https:\\\/\\\/matuile.com\\\/media\\\/?s={search_term_string}\"},\"query-input\":{\"@type\":\"PropertyValueSpecification\",\"valueRequired\":true,\"valueName\":\"search_term_string\"}}],\"inLanguage\":\"fr-FR\"},{\"@type\":\"Organization\",\"@id\":\"https:\\\/\\\/matuile.com\\\/media\\\/#organization\",\"name\":\"Matuile\",\"url\":\"https:\\\/\\\/matuile.com\\\/media\\\/\",\"logo\":{\"@type\":\"ImageObject\",\"inLanguage\":\"fr-FR\",\"@id\":\"https:\\\/\\\/matuile.com\\\/media\\\/#\\\/schema\\\/logo\\\/image\\\/\",\"url\":\"https:\\\/\\\/matuile.com\\\/media\\\/wp-content\\\/uploads\\\/2023\\\/04\\\/Matuile.png\",\"contentUrl\":\"https:\\\/\\\/matuile.com\\\/media\\\/wp-content\\\/uploads\\\/2023\\\/04\\\/Matuile.png\",\"width\":700,\"height\":700,\"caption\":\"Matuile\"},\"image\":{\"@id\":\"https:\\\/\\\/matuile.com\\\/media\\\/#\\\/schema\\\/logo\\\/image\\\/\"}}]}<\/script>\n<!-- \/ Yoast SEO plugin. -->","yoast_head_json":{"title":"Pourquoi ce nom \"Matuile\" ?","description":"Pourquoi ce nom \"Matuile\" ? On voulait un nom qui symbolise notre service, un nom qui fait sens. D\u00e9couvrez l'histoire de ce nom !","robots":{"index":"index","follow":"follow","max-snippet":"max-snippet:-1","max-image-preview":"max-image-preview:large","max-video-preview":"max-video-preview:-1"},"canonical":"https:\/\/matuile.com\/media\/pourquoi-ce-nom-matuile\/","og_locale":"fr_FR","og_type":"article","og_title":"Pourquoi ce nom \"Matuile\" ?","og_description":"Pourquoi ce nom \"Matuile\" ? On voulait un nom qui symbolise notre service, un nom qui fait sens. D\u00e9couvrez l'histoire de ce nom !","og_url":"https:\/\/matuile.com\/media\/pourquoi-ce-nom-matuile\/","og_site_name":"Matuile","article_modified_time":"2023-05-15T12:41:28+00:00","og_image":[{"url":"https:\/\/matuile.com\/media\/wp-content\/uploads\/2022\/10\/Matuile-la-solution-a-votre-urgence-300x73.png","type":"","width":"","height":""}],"twitter_card":"summary_large_image","twitter_misc":{"Dur\u00e9e de lecture estim\u00e9e":"3 minutes"},"schema":{"@context":"https:\/\/schema.org","@graph":[{"@type":"WebPage","@id":"https:\/\/matuile.com\/media\/pourquoi-ce-nom-matuile\/","url":"https:\/\/matuile.com\/media\/pourquoi-ce-nom-matuile\/","name":"Pourquoi ce nom \"Matuile\" ?","isPartOf":{"@id":"https:\/\/matuile.com\/media\/#website"},"primaryImageOfPage":{"@id":"https:\/\/matuile.com\/media\/pourquoi-ce-nom-matuile\/#primaryimage"},"image":{"@id":"https:\/\/matuile.com\/media\/pourquoi-ce-nom-matuile\/#primaryimage"},"thumbnailUrl":"https:\/\/matuile.com\/media\/wp-content\/uploads\/2022\/10\/Matuile-la-solution-a-votre-urgence-300x73.png","datePublished":"2023-04-17T08:19:23+00:00","dateModified":"2023-05-15T12:41:28+00:00","description":"Pourquoi ce nom \"Matuile\" ? On voulait un nom qui symbolise notre service, un nom qui fait sens. D\u00e9couvrez l'histoire de ce nom !","breadcrumb":{"@id":"https:\/\/matuile.com\/media\/pourquoi-ce-nom-matuile\/#breadcrumb"},"inLanguage":"fr-FR","potentialAction":[{"@type":"ReadAction","target":["https:\/\/matuile.com\/media\/pourquoi-ce-nom-matuile\/"]}]},{"@type":"ImageObject","inLanguage":"fr-FR","@id":"https:\/\/matuile.com\/media\/pourquoi-ce-nom-matuile\/#primaryimage","url":"https:\/\/matuile.com\/media\/wp-content\/uploads\/2022\/10\/Matuile-la-solution-a-votre-urgence.png","contentUrl":"https:\/\/matuile.com\/media\/wp-content\/uploads\/2022\/10\/Matuile-la-solution-a-votre-urgence.png","width":2774,"height":672},{"@type":"BreadcrumbList","@id":"https:\/\/matuile.com\/media\/pourquoi-ce-nom-matuile\/#breadcrumb","itemListElement":[{"@type":"ListItem","position":1,"name":"Accueil","item":"https:\/\/matuile.com\/media\/"},{"@type":"ListItem","position":2,"name":"Pourquoi ce nom \u00ab\u00a0Matuile\u00a0\u00bb ?"}]},{"@type":"WebSite","@id":"https:\/\/matuile.com\/media\/#website","url":"https:\/\/matuile.com\/media\/","name":"Matuile Blog","description":"La solution \u00e0 votre urgence","publisher":{"@id":"https:\/\/matuile.com\/media\/#organization"},"alternateName":"Matuile","potentialAction":[{"@type":"SearchAction","target":{"@type":"EntryPoint","urlTemplate":"https:\/\/matuile.com\/media\/?s={search_term_string}"},"query-input":{"@type":"PropertyValueSpecification","valueRequired":true,"valueName":"search_term_string"}}],"inLanguage":"fr-FR"},{"@type":"Organization","@id":"https:\/\/matuile.com\/media\/#organization","name":"Matuile","url":"https:\/\/matuile.com\/media\/","logo":{"@type":"ImageObject","inLanguage":"fr-FR","@id":"https:\/\/matuile.com\/media\/#\/schema\/logo\/image\/","url":"https:\/\/matuile.com\/media\/wp-content\/uploads\/2023\/04\/Matuile.png","contentUrl":"https:\/\/matuile.com\/media\/wp-content\/uploads\/2023\/04\/Matuile.png","width":700,"height":700,"caption":"Matuile"},"image":{"@id":"https:\/\/matuile.com\/media\/#\/schema\/logo\/image\/"}}]}},"_links":{"self":[{"href":"https:\/\/matuile.com\/media\/wp-json\/wp\/v2\/pages\/3092","targetHints":{"allow":["GET"]}}],"collection":[{"href":"https:\/\/matuile.com\/media\/wp-json\/wp\/v2\/pages"}],"about":[{"href":"https:\/\/matuile.com\/media\/wp-json\/wp\/v2\/types\/page"}],"author":[{"embeddable":true,"href":"https:\/\/matuile.com\/media\/wp-json\/wp\/v2\/users\/3"}],"replies":[{"embeddable":true,"href":"https:\/\/matuile.com\/media\/wp-json\/wp\/v2\/comments?post=3092"}],"version-history":[{"count":26,"href":"https:\/\/matuile.com\/media\/wp-json\/wp\/v2\/pages\/3092\/revisions"}],"predecessor-version":[{"id":13513,"href":"https:\/\/matuile.com\/media\/wp-json\/wp\/v2\/pages\/3092\/revisions\/13513"}],"wp:attachment":[{"href":"https:\/\/matuile.com\/media\/wp-json\/wp\/v2\/media?parent=3092"}],"curies":[{"name":"wp","href":"https:\/\/api.w.org\/{rel}","templated":true}]}}