{"id":3066,"date":"2023-04-17T10:27:18","date_gmt":"2023-04-17T08:27:18","guid":{"rendered":"https:\/\/matuile.com\/media\/?page_id=3066"},"modified":"2023-04-19T12:39:11","modified_gmt":"2023-04-19T10:39:11","slug":"les-fondateurs","status":"publish","type":"page","link":"https:\/\/matuile.com\/media\/les-fondateurs\/","title":{"rendered":"Nos fondateurs"},"content":{"rendered":"<hr class=\"wp-block-separator has-alpha-channel-opacity\"\/><div style=\"height:50px\" aria-hidden=\"true\" class=\"wp-block-spacer\"><\/div><h2 class=\"wp-block-heading\" style=\"font-size:25px\"><strong>J\u00e9r\u00e9mie Gadzic, co-fondateur de Matuile<\/strong><\/h2><figure class=\"wp-block-image size-large is-resized\"><img decoding=\"async\" src=\"https:\/\/matuile.com\/media\/wp-content\/uploads\/2022\/11\/JeremieGadzic-682x1024.jpg\" alt=\"J\u00e9r\u00e9mie Gadzic, co-fondateur de Matuile\" class=\"wp-image-6115\" width=\"204\" height=\"307\" srcset=\"https:\/\/matuile.com\/media\/wp-content\/uploads\/2022\/11\/JeremieGadzic-682x1024.jpg 682w, https:\/\/matuile.com\/media\/wp-content\/uploads\/2022\/11\/JeremieGadzic-scaled-600x901.jpg 600w, https:\/\/matuile.com\/media\/wp-content\/uploads\/2022\/11\/JeremieGadzic-200x300.jpg 200w, https:\/\/matuile.com\/media\/wp-content\/uploads\/2022\/11\/JeremieGadzic-768x1154.jpg 768w, https:\/\/matuile.com\/media\/wp-content\/uploads\/2022\/11\/JeremieGadzic-1022x1536.jpg 1022w, https:\/\/matuile.com\/media\/wp-content\/uploads\/2022\/11\/JeremieGadzic-1363x2048.jpg 1363w, https:\/\/matuile.com\/media\/wp-content\/uploads\/2022\/11\/JeremieGadzic-360x541.jpg 360w, https:\/\/matuile.com\/media\/wp-content\/uploads\/2022\/11\/JeremieGadzic-scaled.jpg 1278w\" sizes=\"(max-width: 204px) 100vw, 204px\" \/><\/figure><p style=\"font-size:16px;font-style:normal;font-weight:100\">Je suis un homme parmi tant d\u2019autres.<\/p><p style=\"font-size:16px;font-style:normal;font-weight:100\">J\u2019avais un travail et le fameux train-train m\u00e9tro boulot dodo.<\/p><p style=\"font-size:16px;font-style:normal;font-weight:100\">Une vie classique comme des millions d\u2019entre nous.<\/p><p style=\"font-size:16px;font-style:normal;font-weight:100\">Un soir je rentre chez moi et ma porte d\u2019entr\u00e9e ne s\u2019ouvre pas malgr\u00e9 mon insistance. Je tente bien de mettre un coup d\u2019\u00e9paule en esp\u00e9rant la d\u00e9bloquer mais rien n\u2019y fait. Il va me falloir trouver un serrurier.<\/p><p style=\"font-size:16px;font-style:normal;font-weight:100\">Sur mon palier je ressens d\u2019un coup toute la solitude du monde. Je ne sais pas qui appeler. Je suis comme des millions de personnes, je ne connais pas de serrurier.<\/p><p style=\"font-size:16px;font-style:normal;font-weight:100\">Je prends mon t\u00e9l\u00e9phone pour effectuer une recherche. Une liste appara\u00eet de plusieurs serruriers qui me promettent une intervention rapide.<\/p><p style=\"font-size:16px;font-style:normal;font-weight:100\">Ma premi\u00e8re r\u00e9action est de me sentir rassur\u00e9. C\u2019est bon je vais pouvoir entrer chez moi.<\/p><p style=\"font-size:16px;font-style:normal;font-weight:100\">Je t\u00e9l\u00e9phone \u00e0 l\u2019un des premiers serruriers qui apparaissent sur mon t\u00e9l\u00e9phone. Il est tard je n\u2019ai pas le temps de faire une \u00e9tude comparative. Je veux juste rentrer chez moi. Le serrurier me dit arriver dans 30 minutes maximum.<\/p><p style=\"font-size:16px;font-style:normal;font-weight:100\">Il arrive et en moins de 2 minutes ma porte est ouverte. Super&nbsp;!<\/p><p style=\"font-size:16px;font-style:normal;font-weight:100\">La suite est moins radieuse. Il m\u2019indique que l\u2019intervention sera factur\u00e9e 600 euros&nbsp;! Ce sont les minutes les plus ch\u00e8res de ma vie.<\/p><p style=\"font-size:16px;font-style:normal;font-weight:100\">Je me sens vol\u00e9. Je me dis que ne je suis pas le seul \u00e0 \u00eatre dans ce cas. Je commence \u00e0 enqu\u00eater.<\/p><p style=\"font-size:16px;font-style:normal;font-weight:100\">Je me rends vite compte que ces escrocs paient une fortune pour \u00eatre bien r\u00e9f\u00e9renc\u00e9s et qu\u2019ils compensent ces d\u00e9penses en facturant des sommes exorbitantes.<\/p><p style=\"font-size:16px;font-style:normal;font-weight:100\">Je me dis imm\u00e9diatement que je dois faire quelque chose, qu\u2019il faut combattre cette injustice.<\/p><p style=\"font-size:16px;font-style:normal;font-weight:100\">L\u2019id\u00e9e de Matuile \u00e9tait n\u00e9e. Des tuiles \u00e7a peut arriver tous les jours. On n\u2019y pense pas le matin en se r\u00e9veillant et \u00e7a nous frappe soudainement.<\/p><p style=\"font-size:16px;font-style:normal;font-weight:100\">Comment faire pour trouver en un temps record un professionnel de qualit\u00e9 qui pratique les prix du march\u00e9&nbsp;?<\/p><p style=\"font-size:16px;font-style:normal;font-weight:100\">L\u2019aventure commen\u00e7ait&nbsp;!<\/p><p style=\"font-size:16px;font-style:normal;font-weight:100\">Suivez J\u00e9r\u00e9mie sur Linkedin : <strong><a href=\"https:\/\/www.linkedin.com\/in\/j%C3%A9r%C3%A9mie-gadzic\/\" target=\"_blank\" rel=\"noopener\">J\u00e9r\u00e9mie Gadzic<\/a><\/strong><\/p><div style=\"height:50px\" aria-hidden=\"true\" class=\"wp-block-spacer\"><\/div><div class=\"wp-block-image\"><figure class=\"aligncenter size-full\"><img decoding=\"async\" width=\"507\" height=\"2\" src=\"https:\/\/matuile.com\/media\/wp-content\/uploads\/2022\/11\/Fichier-3trait-gris-tres-clair-6.jpg\" alt=\"\" class=\"wp-image-5923\" srcset=\"https:\/\/matuile.com\/media\/wp-content\/uploads\/2022\/11\/Fichier-3trait-gris-tres-clair-6.jpg 507w, https:\/\/matuile.com\/media\/wp-content\/uploads\/2022\/11\/Fichier-3trait-gris-tres-clair-6-300x1.jpg 300w, https:\/\/matuile.com\/media\/wp-content\/uploads\/2022\/11\/Fichier-3trait-gris-tres-clair-6-150x2.jpg 150w, https:\/\/matuile.com\/media\/wp-content\/uploads\/2022\/11\/Fichier-3trait-gris-tres-clair-6-220x2.jpg 220w, https:\/\/matuile.com\/media\/wp-content\/uploads\/2022\/11\/Fichier-3trait-gris-tres-clair-6-360x1.jpg 360w\" sizes=\"(max-width: 507px) 100vw, 507px\" \/><\/figure><\/div><div style=\"height:50px\" aria-hidden=\"true\" class=\"wp-block-spacer\"><\/div><h2 class=\"wp-block-heading\" style=\"font-size:25px\"><strong>Ivry Cagnac, co-fondateur<\/strong><\/h2><figure class=\"wp-block-image size-large is-resized\"><img decoding=\"async\" src=\"https:\/\/matuile.com\/media\/wp-content\/uploads\/2022\/11\/IvryCagnac-682x1024.jpg\" alt=\"Ivry Cagnac, co-fondateur de Matuile\" class=\"wp-image-6111\" width=\"204\" height=\"289\"\/><\/figure><p style=\"font-size:16px;font-style:normal;font-weight:100\">L\u2019id\u00e9e de cr\u00e9er Matuile est venue d\u2019un besoin personnel.<\/p><p style=\"font-size:16px;font-style:normal;font-weight:100\">J\u2019ai eu des tuiles \u00e0 peu pr\u00e8s partout o\u00f9 je suis pass\u00e9&nbsp;: Cahors, Toulouse, R\u00e9alville, Sevran, Paris, et bien d\u2019autres villes encore.<\/p><p style=\"font-size:16px;font-style:normal;font-weight:100\">Quand je n\u2019\u00e9tais pas touch\u00e9, c\u2019\u00e9taient mes proches ou les entreprises dans lesquelles je travaillais qui l\u2019\u00e9taient.<\/p><p style=\"font-size:16px;font-style:normal;font-weight:100\">Face \u00e0 une tuile, soit je savais quel professionnel je devais contacter et la situation s\u2019arrangeait rapidement, soit je ne savais pas et la situation pouvait vite devenir tr\u00e8s d\u00e9licate \u00e0 g\u00e9rer. Avoir une personne \u00e0 c\u00f4t\u00e9 de soi qui sait par qui il faut passer dans ces moments-l\u00e0 est une grande richesse !<\/p><p style=\"font-size:16px;font-style:normal;font-weight:100\">L\u2019id\u00e9e de faire \u00ab quelque chose \u00bb pour faciliter la gestion des tuiles m\u2019est venue petit \u00e0 petit. Je n\u2019ai pas eu de d\u00e9clic ou de vision. Ce serait plut\u00f4t un long chemin et le fruit de mes diff\u00e9rentes exp\u00e9riences.<\/p><p style=\"font-size:16px;font-style:normal;font-weight:100\">J\u2019ai commenc\u00e9 \u00e0 travailler sur les r\u00e9seaux de soins et les communaut\u00e9s virtuelles sur Internet au d\u00e9but des ann\u00e9es 2000.<\/p><p style=\"font-size:16px;font-style:normal;font-weight:100\">En 2004, je suis mont\u00e9 \u00e0 Paris pour int\u00e9grer une banque o\u00f9 j\u2019\u00e9tais charg\u00e9 de constituer et d\u2019animer des r\u00e9seaux de professionnels partenaires.<\/p><p style=\"font-size:16px;font-style:normal;font-weight:100\">En 2011, j\u2019ai fait la connaissance de J\u00e9r\u00e9mie : une rencontre d\u00e9terminante. On a sympathis\u00e9, beaucoup parl\u00e9, il est devenu un ami et notre association s\u2019est faite tout naturellement autour d\u2019un projet commun : Matuile.<\/p><p style=\"font-size:16px;font-style:normal;font-weight:100\">Mener \u00e0 bien ce projet et cr\u00e9er l\u2019architecture num\u00e9rique de cette entreprise n\u2019a pas \u00e9t\u00e9 un long fleuve tranquille : il a fallu mettre les mains dans le cambouis pendant plusieurs ann\u00e9es pour arriver au moteur de recherche que l\u2019on souhaitait, le monter, le d\u00e9monter, le remonter, l\u2019am\u00e9liorer, l\u2019\u00e9toffer et acqu\u00e9rir les comp\u00e9tences qui vont avec.<\/p><p style=\"font-size:16px;font-style:normal;font-weight:100\">Beaucoup d\u2019efforts, de pers\u00e9v\u00e9rance et de d\u00e9termination ont \u00e9t\u00e9 n\u00e9cessaires pour r\u00e9aliser un principe qui est pourtant tr\u00e8s simple&nbsp;: \u00eatre \u00e0 vos c\u00f4t\u00e9s pour r\u00e9soudre votre tuile&nbsp;!<\/p><p style=\"font-size:16px;font-style:normal;font-weight:100\">Suivez Ivry sur Linkedin : <a href=\"https:\/\/www.linkedin.com\/in\/ivry-cagnac\/\"><strong>Ivry Cagnac<\/strong><\/a><\/p><p><\/p>","protected":false},"excerpt":{"rendered":"<p>J\u00e9r\u00e9mie Gadzic, co-fondateur de Matuile Je suis un homme parmi tant d\u2019autres. J\u2019avais un travail et le fameux train-train m\u00e9tro boulot dodo&#8230;.<\/p>\n","protected":false},"author":3,"featured_media":0,"parent":0,"menu_order":0,"comment_status":"closed","ping_status":"closed","template":"","meta":{"inline_featured_image":false,"footnotes":""},"class_list":["post-3066","page","type-page","status-publish"],"acf":[],"yoast_head":"<!-- This site is optimized with the Yoast SEO plugin v27.5 - https:\/\/yoast.com\/product\/yoast-seo-wordpress\/ -->\n<title>Nos fondateurs<\/title>\n<meta name=\"description\" content=\"D\u00e9couvrez leur histoire et leur parcours en quelques mots.\" \/>\n<meta name=\"robots\" content=\"index, follow, max-snippet:-1, max-image-preview:large, max-video-preview:-1\" \/>\n<link rel=\"canonical\" href=\"https:\/\/matuile.com\/media\/les-fondateurs\/\" \/>\n<meta property=\"og:locale\" content=\"fr_FR\" \/>\n<meta property=\"og:type\" content=\"article\" \/>\n<meta property=\"og:title\" content=\"Nos fondateurs\" \/>\n<meta property=\"og:description\" content=\"D\u00e9couvrez leur histoire et leur parcours en quelques mots.\" \/>\n<meta property=\"og:url\" content=\"https:\/\/matuile.com\/media\/les-fondateurs\/\" \/>\n<meta property=\"og:site_name\" content=\"Matuile\" \/>\n<meta property=\"article:modified_time\" content=\"2023-04-19T10:39:11+00:00\" \/>\n<meta property=\"og:image\" content=\"https:\/\/matuile.com\/media\/wp-content\/uploads\/2022\/11\/JeremieGadzic-682x1024.jpg\" \/>\n<meta name=\"twitter:card\" content=\"summary_large_image\" \/>\n<meta name=\"twitter:label1\" content=\"Dur\u00e9e de lecture estim\u00e9e\" \/>\n\t<meta name=\"twitter:data1\" content=\"4 minutes\" \/>\n<script type=\"application\/ld+json\" class=\"yoast-schema-graph\">{\"@context\":\"https:\\\/\\\/schema.org\",\"@graph\":[{\"@type\":\"WebPage\",\"@id\":\"https:\\\/\\\/matuile.com\\\/media\\\/les-fondateurs\\\/\",\"url\":\"https:\\\/\\\/matuile.com\\\/media\\\/les-fondateurs\\\/\",\"name\":\"Nos fondateurs\",\"isPartOf\":{\"@id\":\"https:\\\/\\\/matuile.com\\\/media\\\/#website\"},\"primaryImageOfPage\":{\"@id\":\"https:\\\/\\\/matuile.com\\\/media\\\/les-fondateurs\\\/#primaryimage\"},\"image\":{\"@id\":\"https:\\\/\\\/matuile.com\\\/media\\\/les-fondateurs\\\/#primaryimage\"},\"thumbnailUrl\":\"https:\\\/\\\/matuile.com\\\/media\\\/wp-content\\\/uploads\\\/2022\\\/11\\\/JeremieGadzic-682x1024.jpg\",\"datePublished\":\"2023-04-17T08:27:18+00:00\",\"dateModified\":\"2023-04-19T10:39:11+00:00\",\"description\":\"D\u00e9couvrez leur histoire et leur parcours en quelques mots.\",\"breadcrumb\":{\"@id\":\"https:\\\/\\\/matuile.com\\\/media\\\/les-fondateurs\\\/#breadcrumb\"},\"inLanguage\":\"fr-FR\",\"potentialAction\":[{\"@type\":\"ReadAction\",\"target\":[\"https:\\\/\\\/matuile.com\\\/media\\\/les-fondateurs\\\/\"]}]},{\"@type\":\"ImageObject\",\"inLanguage\":\"fr-FR\",\"@id\":\"https:\\\/\\\/matuile.com\\\/media\\\/les-fondateurs\\\/#primaryimage\",\"url\":\"https:\\\/\\\/matuile.com\\\/media\\\/wp-content\\\/uploads\\\/2022\\\/11\\\/JeremieGadzic-scaled.jpg\",\"contentUrl\":\"https:\\\/\\\/matuile.com\\\/media\\\/wp-content\\\/uploads\\\/2022\\\/11\\\/JeremieGadzic-scaled.jpg\",\"width\":1278,\"height\":1920},{\"@type\":\"BreadcrumbList\",\"@id\":\"https:\\\/\\\/matuile.com\\\/media\\\/les-fondateurs\\\/#breadcrumb\",\"itemListElement\":[{\"@type\":\"ListItem\",\"position\":1,\"name\":\"Accueil\",\"item\":\"https:\\\/\\\/matuile.com\\\/media\\\/\"},{\"@type\":\"ListItem\",\"position\":2,\"name\":\"Nos fondateurs\"}]},{\"@type\":\"WebSite\",\"@id\":\"https:\\\/\\\/matuile.com\\\/media\\\/#website\",\"url\":\"https:\\\/\\\/matuile.com\\\/media\\\/\",\"name\":\"Matuile Blog\",\"description\":\"La solution \u00e0 votre urgence\",\"publisher\":{\"@id\":\"https:\\\/\\\/matuile.com\\\/media\\\/#organization\"},\"alternateName\":\"Matuile\",\"potentialAction\":[{\"@type\":\"SearchAction\",\"target\":{\"@type\":\"EntryPoint\",\"urlTemplate\":\"https:\\\/\\\/matuile.com\\\/media\\\/?s={search_term_string}\"},\"query-input\":{\"@type\":\"PropertyValueSpecification\",\"valueRequired\":true,\"valueName\":\"search_term_string\"}}],\"inLanguage\":\"fr-FR\"},{\"@type\":\"Organization\",\"@id\":\"https:\\\/\\\/matuile.com\\\/media\\\/#organization\",\"name\":\"Matuile\",\"url\":\"https:\\\/\\\/matuile.com\\\/media\\\/\",\"logo\":{\"@type\":\"ImageObject\",\"inLanguage\":\"fr-FR\",\"@id\":\"https:\\\/\\\/matuile.com\\\/media\\\/#\\\/schema\\\/logo\\\/image\\\/\",\"url\":\"https:\\\/\\\/matuile.com\\\/media\\\/wp-content\\\/uploads\\\/2023\\\/04\\\/Matuile.png\",\"contentUrl\":\"https:\\\/\\\/matuile.com\\\/media\\\/wp-content\\\/uploads\\\/2023\\\/04\\\/Matuile.png\",\"width\":700,\"height\":700,\"caption\":\"Matuile\"},\"image\":{\"@id\":\"https:\\\/\\\/matuile.com\\\/media\\\/#\\\/schema\\\/logo\\\/image\\\/\"}}]}<\/script>\n<!-- \/ Yoast SEO plugin. -->","yoast_head_json":{"title":"Nos fondateurs","description":"D\u00e9couvrez leur histoire et leur parcours en quelques mots.","robots":{"index":"index","follow":"follow","max-snippet":"max-snippet:-1","max-image-preview":"max-image-preview:large","max-video-preview":"max-video-preview:-1"},"canonical":"https:\/\/matuile.com\/media\/les-fondateurs\/","og_locale":"fr_FR","og_type":"article","og_title":"Nos fondateurs","og_description":"D\u00e9couvrez leur histoire et leur parcours en quelques mots.","og_url":"https:\/\/matuile.com\/media\/les-fondateurs\/","og_site_name":"Matuile","article_modified_time":"2023-04-19T10:39:11+00:00","og_image":[{"url":"https:\/\/matuile.com\/media\/wp-content\/uploads\/2022\/11\/JeremieGadzic-682x1024.jpg","type":"","width":"","height":""}],"twitter_card":"summary_large_image","twitter_misc":{"Dur\u00e9e de lecture estim\u00e9e":"4 minutes"},"schema":{"@context":"https:\/\/schema.org","@graph":[{"@type":"WebPage","@id":"https:\/\/matuile.com\/media\/les-fondateurs\/","url":"https:\/\/matuile.com\/media\/les-fondateurs\/","name":"Nos fondateurs","isPartOf":{"@id":"https:\/\/matuile.com\/media\/#website"},"primaryImageOfPage":{"@id":"https:\/\/matuile.com\/media\/les-fondateurs\/#primaryimage"},"image":{"@id":"https:\/\/matuile.com\/media\/les-fondateurs\/#primaryimage"},"thumbnailUrl":"https:\/\/matuile.com\/media\/wp-content\/uploads\/2022\/11\/JeremieGadzic-682x1024.jpg","datePublished":"2023-04-17T08:27:18+00:00","dateModified":"2023-04-19T10:39:11+00:00","description":"D\u00e9couvrez leur histoire et leur parcours en quelques mots.","breadcrumb":{"@id":"https:\/\/matuile.com\/media\/les-fondateurs\/#breadcrumb"},"inLanguage":"fr-FR","potentialAction":[{"@type":"ReadAction","target":["https:\/\/matuile.com\/media\/les-fondateurs\/"]}]},{"@type":"ImageObject","inLanguage":"fr-FR","@id":"https:\/\/matuile.com\/media\/les-fondateurs\/#primaryimage","url":"https:\/\/matuile.com\/media\/wp-content\/uploads\/2022\/11\/JeremieGadzic-scaled.jpg","contentUrl":"https:\/\/matuile.com\/media\/wp-content\/uploads\/2022\/11\/JeremieGadzic-scaled.jpg","width":1278,"height":1920},{"@type":"BreadcrumbList","@id":"https:\/\/matuile.com\/media\/les-fondateurs\/#breadcrumb","itemListElement":[{"@type":"ListItem","position":1,"name":"Accueil","item":"https:\/\/matuile.com\/media\/"},{"@type":"ListItem","position":2,"name":"Nos fondateurs"}]},{"@type":"WebSite","@id":"https:\/\/matuile.com\/media\/#website","url":"https:\/\/matuile.com\/media\/","name":"Matuile Blog","description":"La solution \u00e0 votre urgence","publisher":{"@id":"https:\/\/matuile.com\/media\/#organization"},"alternateName":"Matuile","potentialAction":[{"@type":"SearchAction","target":{"@type":"EntryPoint","urlTemplate":"https:\/\/matuile.com\/media\/?s={search_term_string}"},"query-input":{"@type":"PropertyValueSpecification","valueRequired":true,"valueName":"search_term_string"}}],"inLanguage":"fr-FR"},{"@type":"Organization","@id":"https:\/\/matuile.com\/media\/#organization","name":"Matuile","url":"https:\/\/matuile.com\/media\/","logo":{"@type":"ImageObject","inLanguage":"fr-FR","@id":"https:\/\/matuile.com\/media\/#\/schema\/logo\/image\/","url":"https:\/\/matuile.com\/media\/wp-content\/uploads\/2023\/04\/Matuile.png","contentUrl":"https:\/\/matuile.com\/media\/wp-content\/uploads\/2023\/04\/Matuile.png","width":700,"height":700,"caption":"Matuile"},"image":{"@id":"https:\/\/matuile.com\/media\/#\/schema\/logo\/image\/"}}]}},"_links":{"self":[{"href":"https:\/\/matuile.com\/media\/wp-json\/wp\/v2\/pages\/3066","targetHints":{"allow":["GET"]}}],"collection":[{"href":"https:\/\/matuile.com\/media\/wp-json\/wp\/v2\/pages"}],"about":[{"href":"https:\/\/matuile.com\/media\/wp-json\/wp\/v2\/types\/page"}],"author":[{"embeddable":true,"href":"https:\/\/matuile.com\/media\/wp-json\/wp\/v2\/users\/3"}],"replies":[{"embeddable":true,"href":"https:\/\/matuile.com\/media\/wp-json\/wp\/v2\/comments?post=3066"}],"version-history":[{"count":61,"href":"https:\/\/matuile.com\/media\/wp-json\/wp\/v2\/pages\/3066\/revisions"}],"predecessor-version":[{"id":8743,"href":"https:\/\/matuile.com\/media\/wp-json\/wp\/v2\/pages\/3066\/revisions\/8743"}],"wp:attachment":[{"href":"https:\/\/matuile.com\/media\/wp-json\/wp\/v2\/media?parent=3066"}],"curies":[{"name":"wp","href":"https:\/\/api.w.org\/{rel}","templated":true}]}}