{"id":1643,"date":"2024-03-06T15:56:40","date_gmt":"2024-03-06T14:56:40","guid":{"rendered":"https:\/\/matuile.com\/media\/?page_id=1643"},"modified":"2024-03-06T15:56:41","modified_gmt":"2024-03-06T14:56:41","slug":"les-tuiles","status":"publish","type":"page","link":"https:\/\/matuile.com\/media\/les-tuiles\/","title":{"rendered":"Les tuiles"},"content":{"rendered":"<div class=\"shortcode-block\"><div class=\"inhype-postsgrid2-block-wrapper inhype-postsgrid2-block-wrapper-422290 inhype-block\"><div class=\"container container-title\"><div class=\"row\"><div class=\"inhype-block-title\"><h3>Tuile du jour<\/h3><\/div><\/div><\/div><div class=\"container container-content\"><div class=\"row\"><div class=\"col-md-6\"><div class=\"inhype-overlay-post inhype-post inhype-post-invert format-video\" data-aos=\"zoom-in\"><div class=\"inhype-post-wrapper-inner\"><div class=\"inhype-post-image\" data-style=\"background-image: url(https:\/\/matuile.com\/media\/wp-content\/uploads\/2022\/11\/Vignette-faux-support-4-1140x694.png);\"><div class=\"inhype-post-format-icon\"><\/div><\/div>\n<div class=\"inhype-post-details\">\n\n<div class=\"inhype-post-details-inner\">\n<div class=\"post-categories\"><a href=\"https:\/\/matuile.com\/media\/category\/tuile-du-jour\/\"><span class=\"cat-dot\" data-style=\"background-color: #dd8d13;\"><\/span><span class=\"cat-title\">Tuile du jour<\/span><\/a><\/div><h3 class=\"post-title entry-title\"><a href=\"https:\/\/matuile.com\/media\/escroquerie-faux-support-informatique\/\">Escroquerie en direct<\/a><\/h3><div class=\"post-date\"><time class=\"entry-date published updated\" datetime=\"2023-04-17T10:40:39+02:00\">17 avril 2023<\/time><\/div>\n<div class=\"post-info-dot\"><\/div>\n<div class=\"post-read-time\">1 Minutes de lecture<\/div>\n<\/div>\n\n<\/div>\n\n\n<\/div>\n<\/div>\n<\/div><div class=\"col-md-6\"><div class=\"inhype-overlay-post inhype-post inhype-post-invert format-standard\" data-aos=\"zoom-in\"><div class=\"inhype-post-wrapper-inner\"><div class=\"inhype-post-image\" data-style=\"background-image: url(https:\/\/matuile.com\/media\/wp-content\/uploads\/2022\/11\/Sans-titre-5-1140x694.png);\"><\/div>\n<div class=\"inhype-post-details\">\n\n<div class=\"inhype-post-details-inner\">\n<div class=\"post-categories\"><a href=\"https:\/\/matuile.com\/media\/category\/tuile-du-jour\/\"><span class=\"cat-dot\" data-style=\"background-color: #dd8d13;\"><\/span><span class=\"cat-title\">Tuile du jour<\/span><\/a><\/div><h3 class=\"post-title entry-title\"><a href=\"https:\/\/matuile.com\/media\/sms-frauduleux-ameli-comment-reconnaitre-reagir-signaler\/\">SMS frauduleux Ameli<\/a><\/h3><div class=\"post-date\"><time class=\"entry-date published updated\" datetime=\"2023-04-17T10:39:26+02:00\">17 avril 2023<\/time><\/div>\n<div class=\"post-info-dot\"><\/div>\n<div class=\"post-read-time\">1 Minutes de lecture<\/div>\n<\/div>\n\n<\/div>\n\n\n<\/div>\n<\/div>\n<\/div><\/div><\/div><\/div><\/div>","protected":false},"excerpt":{"rendered":"","protected":false},"author":3,"featured_media":0,"parent":0,"menu_order":0,"comment_status":"closed","ping_status":"closed","template":"","meta":{"inline_featured_image":false,"footnotes":""},"class_list":["post-1643","page","type-page","status-publish"],"acf":[],"yoast_head":"<!-- This site is optimized with the Yoast SEO plugin v27.5 - https:\/\/yoast.com\/product\/yoast-seo-wordpress\/ -->\n<title>Les tuiles - Matuile<\/title>\n<meta name=\"description\" content=\"D\u00e9couvrez notre page d\u00e9di\u00e9e aux tuiles et autres inconv\u00e9nients du quotidien. Une compilation d\u00e9taill\u00e9e vous attend !\" \/>\n<meta name=\"robots\" content=\"index, follow, max-snippet:-1, max-image-preview:large, max-video-preview:-1\" \/>\n<link rel=\"canonical\" href=\"https:\/\/matuile.com\/media\/les-tuiles\/\" \/>\n<meta property=\"og:locale\" content=\"fr_FR\" \/>\n<meta property=\"og:type\" content=\"article\" \/>\n<meta property=\"og:title\" content=\"Les tuiles - Matuile\" \/>\n<meta property=\"og:description\" content=\"D\u00e9couvrez notre page d\u00e9di\u00e9e aux tuiles et autres inconv\u00e9nients du quotidien. Une compilation d\u00e9taill\u00e9e vous attend !\" \/>\n<meta property=\"og:url\" content=\"https:\/\/matuile.com\/media\/les-tuiles\/\" \/>\n<meta property=\"og:site_name\" content=\"Matuile\" \/>\n<meta property=\"article:modified_time\" content=\"2024-03-06T14:56:41+00:00\" \/>\n<meta name=\"twitter:card\" content=\"summary_large_image\" \/>\n<meta name=\"twitter:label1\" content=\"Dur\u00e9e de lecture estim\u00e9e\" \/>\n\t<meta name=\"twitter:data1\" content=\"1 minute\" \/>\n<script type=\"application\/ld+json\" class=\"yoast-schema-graph\">{\"@context\":\"https:\\\/\\\/schema.org\",\"@graph\":[{\"@type\":\"WebPage\",\"@id\":\"https:\\\/\\\/matuile.com\\\/media\\\/les-tuiles\\\/\",\"url\":\"https:\\\/\\\/matuile.com\\\/media\\\/les-tuiles\\\/\",\"name\":\"Les tuiles - Matuile\",\"isPartOf\":{\"@id\":\"https:\\\/\\\/matuile.com\\\/media\\\/#website\"},\"datePublished\":\"2024-03-06T14:56:40+00:00\",\"dateModified\":\"2024-03-06T14:56:41+00:00\",\"description\":\"D\u00e9couvrez notre page d\u00e9di\u00e9e aux tuiles et autres inconv\u00e9nients du quotidien. Une compilation d\u00e9taill\u00e9e vous attend !\",\"breadcrumb\":{\"@id\":\"https:\\\/\\\/matuile.com\\\/media\\\/les-tuiles\\\/#breadcrumb\"},\"inLanguage\":\"fr-FR\",\"potentialAction\":[{\"@type\":\"ReadAction\",\"target\":[\"https:\\\/\\\/matuile.com\\\/media\\\/les-tuiles\\\/\"]}]},{\"@type\":\"BreadcrumbList\",\"@id\":\"https:\\\/\\\/matuile.com\\\/media\\\/les-tuiles\\\/#breadcrumb\",\"itemListElement\":[{\"@type\":\"ListItem\",\"position\":1,\"name\":\"Accueil\",\"item\":\"https:\\\/\\\/matuile.com\\\/media\\\/\"},{\"@type\":\"ListItem\",\"position\":2,\"name\":\"Les tuiles\"}]},{\"@type\":\"WebSite\",\"@id\":\"https:\\\/\\\/matuile.com\\\/media\\\/#website\",\"url\":\"https:\\\/\\\/matuile.com\\\/media\\\/\",\"name\":\"Matuile Blog\",\"description\":\"La solution \u00e0 votre urgence\",\"publisher\":{\"@id\":\"https:\\\/\\\/matuile.com\\\/media\\\/#organization\"},\"alternateName\":\"Matuile\",\"potentialAction\":[{\"@type\":\"SearchAction\",\"target\":{\"@type\":\"EntryPoint\",\"urlTemplate\":\"https:\\\/\\\/matuile.com\\\/media\\\/?s={search_term_string}\"},\"query-input\":{\"@type\":\"PropertyValueSpecification\",\"valueRequired\":true,\"valueName\":\"search_term_string\"}}],\"inLanguage\":\"fr-FR\"},{\"@type\":\"Organization\",\"@id\":\"https:\\\/\\\/matuile.com\\\/media\\\/#organization\",\"name\":\"Matuile\",\"url\":\"https:\\\/\\\/matuile.com\\\/media\\\/\",\"logo\":{\"@type\":\"ImageObject\",\"inLanguage\":\"fr-FR\",\"@id\":\"https:\\\/\\\/matuile.com\\\/media\\\/#\\\/schema\\\/logo\\\/image\\\/\",\"url\":\"https:\\\/\\\/matuile.com\\\/media\\\/wp-content\\\/uploads\\\/2023\\\/04\\\/Matuile.png\",\"contentUrl\":\"https:\\\/\\\/matuile.com\\\/media\\\/wp-content\\\/uploads\\\/2023\\\/04\\\/Matuile.png\",\"width\":700,\"height\":700,\"caption\":\"Matuile\"},\"image\":{\"@id\":\"https:\\\/\\\/matuile.com\\\/media\\\/#\\\/schema\\\/logo\\\/image\\\/\"}}]}<\/script>\n<!-- \/ Yoast SEO plugin. -->","yoast_head_json":{"title":"Les tuiles - Matuile","description":"D\u00e9couvrez notre page d\u00e9di\u00e9e aux tuiles et autres inconv\u00e9nients du quotidien. Une compilation d\u00e9taill\u00e9e vous attend !","robots":{"index":"index","follow":"follow","max-snippet":"max-snippet:-1","max-image-preview":"max-image-preview:large","max-video-preview":"max-video-preview:-1"},"canonical":"https:\/\/matuile.com\/media\/les-tuiles\/","og_locale":"fr_FR","og_type":"article","og_title":"Les tuiles - Matuile","og_description":"D\u00e9couvrez notre page d\u00e9di\u00e9e aux tuiles et autres inconv\u00e9nients du quotidien. Une compilation d\u00e9taill\u00e9e vous attend !","og_url":"https:\/\/matuile.com\/media\/les-tuiles\/","og_site_name":"Matuile","article_modified_time":"2024-03-06T14:56:41+00:00","twitter_card":"summary_large_image","twitter_misc":{"Dur\u00e9e de lecture estim\u00e9e":"1 minute"},"schema":{"@context":"https:\/\/schema.org","@graph":[{"@type":"WebPage","@id":"https:\/\/matuile.com\/media\/les-tuiles\/","url":"https:\/\/matuile.com\/media\/les-tuiles\/","name":"Les tuiles - Matuile","isPartOf":{"@id":"https:\/\/matuile.com\/media\/#website"},"datePublished":"2024-03-06T14:56:40+00:00","dateModified":"2024-03-06T14:56:41+00:00","description":"D\u00e9couvrez notre page d\u00e9di\u00e9e aux tuiles et autres inconv\u00e9nients du quotidien. Une compilation d\u00e9taill\u00e9e vous attend !","breadcrumb":{"@id":"https:\/\/matuile.com\/media\/les-tuiles\/#breadcrumb"},"inLanguage":"fr-FR","potentialAction":[{"@type":"ReadAction","target":["https:\/\/matuile.com\/media\/les-tuiles\/"]}]},{"@type":"BreadcrumbList","@id":"https:\/\/matuile.com\/media\/les-tuiles\/#breadcrumb","itemListElement":[{"@type":"ListItem","position":1,"name":"Accueil","item":"https:\/\/matuile.com\/media\/"},{"@type":"ListItem","position":2,"name":"Les tuiles"}]},{"@type":"WebSite","@id":"https:\/\/matuile.com\/media\/#website","url":"https:\/\/matuile.com\/media\/","name":"Matuile Blog","description":"La solution \u00e0 votre urgence","publisher":{"@id":"https:\/\/matuile.com\/media\/#organization"},"alternateName":"Matuile","potentialAction":[{"@type":"SearchAction","target":{"@type":"EntryPoint","urlTemplate":"https:\/\/matuile.com\/media\/?s={search_term_string}"},"query-input":{"@type":"PropertyValueSpecification","valueRequired":true,"valueName":"search_term_string"}}],"inLanguage":"fr-FR"},{"@type":"Organization","@id":"https:\/\/matuile.com\/media\/#organization","name":"Matuile","url":"https:\/\/matuile.com\/media\/","logo":{"@type":"ImageObject","inLanguage":"fr-FR","@id":"https:\/\/matuile.com\/media\/#\/schema\/logo\/image\/","url":"https:\/\/matuile.com\/media\/wp-content\/uploads\/2023\/04\/Matuile.png","contentUrl":"https:\/\/matuile.com\/media\/wp-content\/uploads\/2023\/04\/Matuile.png","width":700,"height":700,"caption":"Matuile"},"image":{"@id":"https:\/\/matuile.com\/media\/#\/schema\/logo\/image\/"}}]}},"_links":{"self":[{"href":"https:\/\/matuile.com\/media\/wp-json\/wp\/v2\/pages\/1643","targetHints":{"allow":["GET"]}}],"collection":[{"href":"https:\/\/matuile.com\/media\/wp-json\/wp\/v2\/pages"}],"about":[{"href":"https:\/\/matuile.com\/media\/wp-json\/wp\/v2\/types\/page"}],"author":[{"embeddable":true,"href":"https:\/\/matuile.com\/media\/wp-json\/wp\/v2\/users\/3"}],"replies":[{"embeddable":true,"href":"https:\/\/matuile.com\/media\/wp-json\/wp\/v2\/comments?post=1643"}],"version-history":[{"count":34,"href":"https:\/\/matuile.com\/media\/wp-json\/wp\/v2\/pages\/1643\/revisions"}],"predecessor-version":[{"id":48451,"href":"https:\/\/matuile.com\/media\/wp-json\/wp\/v2\/pages\/1643\/revisions\/48451"}],"wp:attachment":[{"href":"https:\/\/matuile.com\/media\/wp-json\/wp\/v2\/media?parent=1643"}],"curies":[{"name":"wp","href":"https:\/\/api.w.org\/{rel}","templated":true}]}}